
{"id":37381,"date":"2025-08-28T17:01:34","date_gmt":"2025-08-28T17:01:34","guid":{"rendered":"https:\/\/yariibambou.org\/?page_id=37381"},"modified":"2025-08-28T18:12:04","modified_gmt":"2025-08-28T18:12:04","slug":"themes","status":"publish","type":"page","link":"https:\/\/yariibambou.org\/en\/themes\/","title":{"rendered":"Th\u00e8mes"},"content":{"rendered":"<p>[et_pb_section fb_built=&#8221;1&#8243; _builder_version=&#8221;4.27.4&#8243; _module_preset=&#8221;default&#8221; global_colors_info=&#8221;{}&#8221;][et_pb_row _builder_version=&#8221;4.27.4&#8243; _module_preset=&#8221;default&#8221; global_colors_info=&#8221;{}&#8221;][et_pb_column type=&#8221;4_4&#8243; _builder_version=&#8221;4.27.4&#8243; _module_preset=&#8221;default&#8221; global_colors_info=&#8221;{}&#8221;][et_pb_code _builder_version=&#8221;4.27.4&#8243; _module_preset=&#8221;default&#8221; hover_enabled=&#8221;0&#8243; global_colors_info=&#8221;{}&#8221; sticky_enabled=&#8221;0&#8243;]<!DOCTYPE html><!-- [et_pb_line_break_holder] --><html lang=\"en\"><!-- [et_pb_line_break_holder] --><head><!-- [et_pb_line_break_holder] -->    <meta charset=\"UTF-8\"><!-- [et_pb_line_break_holder] -->    <meta name=\"viewport\" content=\"width=device-width, initial-scale=1.0\"><!-- [et_pb_line_break_holder] -->    <title>Th\u00e8mes d&#8217;\u00e9tude<\/title><!-- [et_pb_line_break_holder] -->    <link href=\"https:\/\/cdn.jsdelivr.net\/npm\/tailwindcss@2.2.19\/dist\/tailwind.min.css\" rel=\"stylesheet\"><!-- [et_pb_line_break_holder] -->    <link rel=\"stylesheet\" href=\"https:\/\/cdnjs.cloudflare.com\/ajax\/libs\/font-awesome\/6.4.2\/css\/all.min.css\"><!-- [et_pb_line_break_holder] -->    <\/p>\n<style><!-- [et_pb_line_break_holder] -->        body {<!-- [et_pb_line_break_holder] -->            font-family: 'Inter', 'Segoe UI', Arial, sans-serif;<!-- [et_pb_line_break_holder] -->            background: linear-gradient(to bottom, #e0f2fe, #f8fafc);<!-- [et_pb_line_break_holder] -->            min-height: 100vh;<!-- [et_pb_line_break_holder] -->            margin: 0;<!-- [et_pb_line_break_holder] -->            padding: 0;<!-- [et_pb_line_break_holder] -->        }<!-- [et_pb_line_break_holder] -->        .btn {<!-- [et_pb_line_break_holder] -->            transition: all 0.3s ease;<!-- [et_pb_line_break_holder] -->            transform: perspective(1px) translateZ(0);<!-- [et_pb_line_break_holder] -->        }<!-- [et_pb_line_break_holder] -->        .btn:hover {<!-- [et_pb_line_break_holder] -->            transform: translateY(-4px) scale(1.03);<!-- [et_pb_line_break_holder] -->            box-shadow: 0 10px 20px rgba(0, 0, 0, 0.15);<!-- [et_pb_line_break_holder] -->        }<!-- [et_pb_line_break_holder] -->        .back-button:hover {<!-- [et_pb_line_break_holder] -->            transform: translateY(-4px) scale(1.03);<!-- [et_pb_line_break_holder] -->            box-shadow: 0 10px 20px rgba(0, 0, 0, 0.15);<!-- [et_pb_line_break_holder] -->        }<!-- [et_pb_line_break_holder] -->        .container {<!-- [et_pb_line_break_holder] -->            animation: fadeIn 0.5s ease-in-out;<!-- [et_pb_line_break_holder] -->        }<!-- [et_pb_line_break_holder] -->        @keyframes fadeIn {<!-- [et_pb_line_break_holder] -->            0% { opacity: 0; transform: translateY(10px); }<!-- [et_pb_line_break_holder] -->            100% { opacity: 1; transform: translateY(0); }<!-- [et_pb_line_break_holder] -->        }<!-- [et_pb_line_break_holder] -->    <\/style>\n<p><!-- [et_pb_line_break_holder] --><\/head><!-- [et_pb_line_break_holder] --><body class=\"antialiased\"><!-- [et_pb_line_break_holder] -->    <\/p>\n<div class=\"container max-w-5xl mx-auto px-4 py-12\"><!-- [et_pb_line_break_holder] -->        <\/p>\n<h2 class=\"text-3xl md:text-4xl font-bold text-gray-800 text-center mb-10 animate-pulse\"><!-- [et_pb_line_break_holder] -->            Th\u00e8mes d&#8217;\u00e9tude<!-- [et_pb_line_break_holder] -->        <\/h2>\n<p><!-- [et_pb_line_break_holder] -->        <\/p>\n<nav class=\"button-group flex flex-wrap justify-center gap-6 mb-12\"><!-- [et_pb_line_break_holder] -->            <a href=\"https:\/\/yariibambou.org\/en\/theme-linguistique\/\" <!--no numeric noise key 1020-->               class=&#8221;btn flex items-center justify-center bg-gradient-to-r from-blue-500 to-cyan-400 text-white font-semibold text-lg px-8 py-4 rounded-xl shadow-lg hover:from-blue-600 hover:to-cyan-500 transition-all duration-300&#8243;><!-- [et_pb_line_break_holder] -->                <span class=\"add-icon mr-2\"><i class=\"fas fa-list-ul\" aria-hidden=\"true\"><\/i><\/span><!-- [et_pb_line_break_holder] -->                Th\u00e8mes linguistiques<!-- [et_pb_line_break_holder] -->            <\/a><!-- [et_pb_line_break_holder] -->            <a href=\"https:\/\/yariibambou.org\/en\/theme-lie-au-femme\/\" <!--no numeric noise key 1015-->               class=&#8221;btn flex items-center justify-center bg-gradient-to-r from-blue-500 to-cyan-400 text-white font-semibold text-lg px-8 py-4 rounded-xl shadow-lg hover:from-blue-600 hover:to-cyan-500 transition-all duration-300&#8243;><!-- [et_pb_line_break_holder] -->                <span class=\"add-icon mr-2\"><i class=\"fas fa-list-ul\" aria-hidden=\"true\"><\/i><\/span><!-- [et_pb_line_break_holder] -->                Th\u00e8mes li\u00e9s aux femmes<!-- [et_pb_line_break_holder] -->            <\/a><!-- [et_pb_line_break_holder] -->        <\/nav>\n<p><!-- [et_pb_line_break_holder] -->        <\/p>\n<div class=\"text-center\"><!-- [et_pb_line_break_holder] -->            <a href=\"javascript:history.back()\" <!--no numeric noise key 1008-->               class=&#8221;back-button inline-flex items-center justify-center bg-gradient-to-r from-gray-600 to-gray-500 text-white font-semibold text-lg px-8 py-4 rounded-xl shadow-lg hover:from-gray-700 hover:to-gray-600 transition-all duration-300&#8243; <!-- [et_pb_line_break_holder] -->               aria-label=&#8221;Retour \u00e0 la page pr\u00e9c\u00e9dente&#8221;><!-- [et_pb_line_break_holder] -->                <span class=\"add-icon mr-2\"><i class=\"fas fa-arrow-left\" aria-hidden=\"true\"><\/i><\/span><!-- [et_pb_line_break_holder] -->                Retour<!-- [et_pb_line_break_holder] -->            <\/a><!-- [et_pb_line_break_holder] -->        <\/div>\n<p><!-- [et_pb_line_break_holder] -->    <\/div>\n<p><!-- [et_pb_line_break_holder] --><\/body><!-- [et_pb_line_break_holder] --><\/html>[\/et_pb_code][\/et_pb_column][\/et_pb_row][\/et_pb_section]<\/p>","protected":false},"excerpt":{"rendered":"","protected":false},"author":3,"featured_media":0,"parent":0,"menu_order":0,"comment_status":"closed","ping_status":"closed","template":"","meta":{"_et_pb_use_builder":"on","_et_pb_old_content":"","_et_gb_content_width":"","footnotes":""},"class_list":["post-37381","page","type-page","status-publish","hentry"],"yoast_head":"<!-- This site is optimized with the Yoast SEO plugin v23.5 - https:\/\/yoast.com\/wordpress\/plugins\/seo\/ -->\n<title>Th\u00e8mes - YARIIBAMBOU<\/title>\n<meta name=\"description\" content=\"dagari-dioula, yarii, waala, langue, burkina, yarsi, yarka\" \/>\n<meta name=\"robots\" content=\"index, follow, max-snippet:-1, max-image-preview:large, max-video-preview:-1\" \/>\n<link rel=\"canonical\" href=\"https:\/\/yariibambou.org\/en\/themes\/\" \/>\n<meta property=\"og:locale\" content=\"en_US\" \/>\n<meta property=\"og:type\" content=\"article\" \/>\n<meta property=\"og:title\" content=\"Th\u00e8mes - YARIIBAMBOU\" \/>\n<meta property=\"og:description\" content=\"dagari-dioula, yarii, waala, langue, burkina, yarsi, yarka\" \/>\n<meta property=\"og:url\" content=\"https:\/\/yariibambou.org\/en\/themes\/\" \/>\n<meta property=\"og:site_name\" content=\"YARIIBAMBOU\" \/>\n<meta property=\"article:modified_time\" content=\"2025-08-28T18:12:04+00:00\" \/>\n<meta name=\"twitter:card\" content=\"summary_large_image\" \/>\n<script type=\"application\/ld+json\" class=\"yoast-schema-graph\">{\"@context\":\"https:\/\/schema.org\",\"@graph\":[{\"@type\":\"WebPage\",\"@id\":\"https:\/\/yariibambou.org\/themes\/\",\"url\":\"https:\/\/yariibambou.org\/themes\/\",\"name\":\"Th\u00e8mes - YARIIBAMBOU\",\"isPartOf\":{\"@id\":\"https:\/\/yariibambou.org\/#website\"},\"datePublished\":\"2025-08-28T17:01:34+00:00\",\"dateModified\":\"2025-08-28T18:12:04+00:00\",\"description\":\"dagari-dioula, yarii, waala, langue, burkina, yarsi, yarka\",\"breadcrumb\":{\"@id\":\"https:\/\/yariibambou.org\/themes\/#breadcrumb\"},\"inLanguage\":\"en-US\",\"potentialAction\":[{\"@type\":\"ReadAction\",\"target\":[\"https:\/\/yariibambou.org\/themes\/\"]}]},{\"@type\":\"BreadcrumbList\",\"@id\":\"https:\/\/yariibambou.org\/themes\/#breadcrumb\",\"itemListElement\":[{\"@type\":\"ListItem\",\"position\":1,\"name\":\"Accueil\",\"item\":\"https:\/\/yariibambou.org\/\"},{\"@type\":\"ListItem\",\"position\":2,\"name\":\"Th\u00e8mes\"}]},{\"@type\":\"WebSite\",\"@id\":\"https:\/\/yariibambou.org\/#website\",\"url\":\"https:\/\/yariibambou.org\/\",\"name\":\"YARIIBAMBOU\",\"description\":\"Bantaa-Nontaa - Sountaa - Lagntaa\",\"publisher\":{\"@id\":\"https:\/\/yariibambou.org\/#organization\"},\"potentialAction\":[{\"@type\":\"SearchAction\",\"target\":{\"@type\":\"EntryPoint\",\"urlTemplate\":\"https:\/\/yariibambou.org\/?s={search_term_string}\"},\"query-input\":{\"@type\":\"PropertyValueSpecification\",\"valueRequired\":true,\"valueName\":\"search_term_string\"}}],\"inLanguage\":\"en-US\"},{\"@type\":\"Organization\",\"@id\":\"https:\/\/yariibambou.org\/#organization\",\"name\":\"YARIIBAMBOU\",\"url\":\"https:\/\/yariibambou.org\/\",\"logo\":{\"@type\":\"ImageObject\",\"inLanguage\":\"en-US\",\"@id\":\"https:\/\/yariibambou.org\/#\/schema\/logo\/image\/\",\"url\":\"https:\/\/yariibambou.org\/wp-content\/uploads\/2024\/09\/cropped-logo-1.jpeg\",\"contentUrl\":\"https:\/\/yariibambou.org\/wp-content\/uploads\/2024\/09\/cropped-logo-1.jpeg\",\"width\":512,\"height\":512,\"caption\":\"YARIIBAMBOU\"},\"image\":{\"@id\":\"https:\/\/yariibambou.org\/#\/schema\/logo\/image\/\"}}]}<\/script>\n<!-- \/ Yoast SEO plugin. -->","yoast_head_json":{"title":"Th\u00e8mes - YARIIBAMBOU","description":"dagari-dioula, yarii, waala, langue, burkina, yarsi, yarka","robots":{"index":"index","follow":"follow","max-snippet":"max-snippet:-1","max-image-preview":"max-image-preview:large","max-video-preview":"max-video-preview:-1"},"canonical":"https:\/\/yariibambou.org\/en\/themes\/","og_locale":"en_US","og_type":"article","og_title":"Th\u00e8mes - YARIIBAMBOU","og_description":"dagari-dioula, yarii, waala, langue, burkina, yarsi, yarka","og_url":"https:\/\/yariibambou.org\/en\/themes\/","og_site_name":"YARIIBAMBOU","article_modified_time":"2025-08-28T18:12:04+00:00","twitter_card":"summary_large_image","schema":{"@context":"https:\/\/schema.org","@graph":[{"@type":"WebPage","@id":"https:\/\/yariibambou.org\/themes\/","url":"https:\/\/yariibambou.org\/themes\/","name":"Th\u00e8mes - YARIIBAMBOU","isPartOf":{"@id":"https:\/\/yariibambou.org\/#website"},"datePublished":"2025-08-28T17:01:34+00:00","dateModified":"2025-08-28T18:12:04+00:00","description":"dagari-dioula, yarii, waala, langue, burkina, yarsi, yarka","breadcrumb":{"@id":"https:\/\/yariibambou.org\/themes\/#breadcrumb"},"inLanguage":"en-US","potentialAction":[{"@type":"ReadAction","target":["https:\/\/yariibambou.org\/themes\/"]}]},{"@type":"BreadcrumbList","@id":"https:\/\/yariibambou.org\/themes\/#breadcrumb","itemListElement":[{"@type":"ListItem","position":1,"name":"Accueil","item":"https:\/\/yariibambou.org\/"},{"@type":"ListItem","position":2,"name":"Th\u00e8mes"}]},{"@type":"WebSite","@id":"https:\/\/yariibambou.org\/#website","url":"https:\/\/yariibambou.org\/","name":"YARIIBAMBOU","description":"Bantaa-Nontaa - Sountaa - Lagntaa","publisher":{"@id":"https:\/\/yariibambou.org\/#organization"},"potentialAction":[{"@type":"SearchAction","target":{"@type":"EntryPoint","urlTemplate":"https:\/\/yariibambou.org\/?s={search_term_string}"},"query-input":{"@type":"PropertyValueSpecification","valueRequired":true,"valueName":"search_term_string"}}],"inLanguage":"en-US"},{"@type":"Organization","@id":"https:\/\/yariibambou.org\/#organization","name":"YARIIBAMBOU","url":"https:\/\/yariibambou.org\/","logo":{"@type":"ImageObject","inLanguage":"en-US","@id":"https:\/\/yariibambou.org\/#\/schema\/logo\/image\/","url":"https:\/\/yariibambou.org\/wp-content\/uploads\/2024\/09\/cropped-logo-1.jpeg","contentUrl":"https:\/\/yariibambou.org\/wp-content\/uploads\/2024\/09\/cropped-logo-1.jpeg","width":512,"height":512,"caption":"YARIIBAMBOU"},"image":{"@id":"https:\/\/yariibambou.org\/#\/schema\/logo\/image\/"}}]}},"_links":{"self":[{"href":"https:\/\/yariibambou.org\/en\/wp-json\/wp\/v2\/pages\/37381","targetHints":{"allow":["GET"]}}],"collection":[{"href":"https:\/\/yariibambou.org\/en\/wp-json\/wp\/v2\/pages"}],"about":[{"href":"https:\/\/yariibambou.org\/en\/wp-json\/wp\/v2\/types\/page"}],"author":[{"embeddable":true,"href":"https:\/\/yariibambou.org\/en\/wp-json\/wp\/v2\/users\/3"}],"replies":[{"embeddable":true,"href":"https:\/\/yariibambou.org\/en\/wp-json\/wp\/v2\/comments?post=37381"}],"version-history":[{"count":5,"href":"https:\/\/yariibambou.org\/en\/wp-json\/wp\/v2\/pages\/37381\/revisions"}],"predecessor-version":[{"id":37398,"href":"https:\/\/yariibambou.org\/en\/wp-json\/wp\/v2\/pages\/37381\/revisions\/37398"}],"wp:attachment":[{"href":"https:\/\/yariibambou.org\/en\/wp-json\/wp\/v2\/media?parent=37381"}],"curies":[{"name":"wp","href":"https:\/\/api.w.org\/{rel}","templated":true}]}}