
{"id":36375,"date":"2025-05-26T19:02:47","date_gmt":"2025-05-26T19:02:47","guid":{"rendered":"https:\/\/yariibambou.org\/?page_id=36375"},"modified":"2025-08-28T17:29:46","modified_gmt":"2025-08-28T17:29:46","slug":"communaute","status":"publish","type":"page","link":"https:\/\/yariibambou.org\/en\/communaute\/","title":{"rendered":"Communaut\u00e9"},"content":{"rendered":"<p>[et_pb_section fb_built=&#8221;1&#8243; _builder_version=&#8221;4.27.4&#8243; _module_preset=&#8221;default&#8221; global_colors_info=&#8221;{}&#8221;][et_pb_row _builder_version=&#8221;4.27.4&#8243; _module_preset=&#8221;default&#8221; global_colors_info=&#8221;{}&#8221;][et_pb_column type=&#8221;4_4&#8243; _builder_version=&#8221;4.27.4&#8243; _module_preset=&#8221;default&#8221; global_colors_info=&#8221;{}&#8221;][et_pb_code _builder_version=&#8221;4.27.4&#8243; _module_preset=&#8221;default&#8221; hover_enabled=&#8221;0&#8243; global_colors_info=&#8221;{}&#8221; sticky_enabled=&#8221;0&#8243;]<!DOCTYPE html><!-- [et_pb_line_break_holder] --><html lang=\"en\"><!-- [et_pb_line_break_holder] --><head><!-- [et_pb_line_break_holder] -->    <meta charset=\"UTF-8\"><!-- [et_pb_line_break_holder] -->    <meta name=\"viewport\" content=\"width=device-width, initial-scale=1.0\"><!-- [et_pb_line_break_holder] -->    <title>Yarku &#8211; Qui Sommes-Nous?<\/title><!-- [et_pb_line_break_holder] -->    <link rel=\"stylesheet\" href=\"https:\/\/cdnjs.cloudflare.com\/ajax\/libs\/font-awesome\/6.4.2\/css\/all.min.css\"><!-- [et_pb_line_break_holder] -->    <\/p>\n<style><!-- [et_pb_line_break_holder] -->         {<!-- [et_pb_line_break_holder] -->            font-family: 'Segoe UI', Arial, sans-serif;<!-- [et_pb_line_break_holder] -->            background-color: #f4f7fa;<!-- [et_pb_line_break_holder] -->            margin: 0;<!-- [et_pb_line_break_holder] -->            padding: 20px;<!-- [et_pb_line_break_holder] -->        }<!-- [et_pb_line_break_holder] --><!-- [et_pb_line_break_holder] -->        .container {<!-- [et_pb_line_break_holder] -->            display: flex;<!-- [et_pb_line_break_holder] -->            flex-wrap: wrap;<!-- [et_pb_line_break_holder] -->            justify-content: center;<!-- [et_pb_line_break_holder] -->            gap: 20px;<!-- [et_pb_line_break_holder] -->            padding: 20px;<!-- [et_pb_line_break_holder] -->            max-width: 1200px;<!-- [et_pb_line_break_holder] -->            margin: 0 auto;<!-- [et_pb_line_break_holder] -->        }<!-- [et_pb_line_break_holder] --><!-- [et_pb_line_break_holder] -->        .button-group {<!-- [et_pb_line_break_holder] -->            display: flex;<!-- [et_pb_line_break_holder] -->            gap: 20px;<!-- [et_pb_line_break_holder] -->            margin-bottom: 20px;<!-- [et_pb_line_break_holder] -->            flex-wrap: wrap;<!-- [et_pb_line_break_holder] -->            justify-content: center;<!-- [et_pb_line_break_holder] -->        }<!-- [et_pb_line_break_holder] --><!-- [et_pb_line_break_holder] -->        .btn {<!-- [et_pb_line_break_holder] -->            text-align: center;<!-- [et_pb_line_break_holder] -->            text-decoration: none;<!-- [et_pb_line_break_holder] -->            color: white;<!-- [et_pb_line_break_holder] -->            font-size: 18px;<!-- [et_pb_line_break_holder] -->            font-weight: 500;<!-- [et_pb_line_break_holder] -->            border-radius: 12px;<!-- [et_pb_line_break_holder] -->            padding: 15px 20px;<!-- [et_pb_line_break_holder] -->            display: inline-block;<!-- [et_pb_line_break_holder] -->            transition: all 0.3s ease;<!-- [et_pb_line_break_holder] -->            box-shadow: 0 4px 15px rgba(0, 0, 0, 0.2);<!-- [et_pb_line_break_holder] -->            background: linear-gradient(135deg, #2196F3, #21CBF3);<!-- [et_pb_line_break_holder] -->        }<!-- [et_pb_line_break_holder] --><!-- [et_pb_line_break_holder] -->        .btn:hover {<!-- [et_pb_line_break_holder] -->            transform: translateY(-3px);<!-- [et_pb_line_break_holder] -->            box-shadow: 0 6px 20px rgba(0, 0, 0, 0.3);<!-- [et_pb_line_break_holder] -->            background: linear-gradient(135deg, #1e88e5, #1bbde5);<!-- [et_pb_line_break_holder] -->        }<!-- [et_pb_line_break_holder] --><!-- [et_pb_line_break_holder] -->        .add-icon {<!-- [et_pb_line_break_holder] -->            margin-right: 8px;<!-- [et_pb_line_break_holder] -->        }<!-- [et_pb_line_break_holder] --><!-- [et_pb_line_break_holder] -->        h2 {<!-- [et_pb_line_break_holder] -->            text-align: center;<!-- [et_pb_line_break_holder] -->            margin: 30px 0 20px 0;<!-- [et_pb_line_break_holder] -->            color: #333;<!-- [et_pb_line_break_holder] -->            font-size: 28px;<!-- [et_pb_line_break_holder] -->            font-weight: 600;<!-- [et_pb_line_break_holder] -->        }<!-- [et_pb_line_break_holder] --><!-- [et_pb_line_break_holder] -->        .back-button {<!-- [et_pb_line_break_holder] -->            text-align: center;<!-- [et_pb_line_break_holder] -->            text-decoration: none;<!-- [et_pb_line_break_holder] -->            color: white;<!-- [et_pb_line_break_holder] -->            font-size: 18px;<!-- [et_pb_line_break_holder] -->            font-weight: 500;<!-- [et_pb_line_break_holder] -->            border-radius: 12px;<!-- [et_pb_line_break_holder] -->            padding: 15px 20px;<!-- [et_pb_line_break_holder] -->            display: inline-block;<!-- [et_pb_line_break_holder] -->            transition: all 0.3s ease;<!-- [et_pb_line_break_holder] -->            box-shadow: 0 4px 15px rgba(0, 0, 0, 0.2);<!-- [et_pb_line_break_holder] -->            background: linear-gradient(135deg, #2196F3, #21CBF3);<!-- [et_pb_line_break_holder] -->            margin-top: 20px;<!-- [et_pb_line_break_holder] -->        }<!-- [et_pb_line_break_holder] --><!-- [et_pb_line_break_holder] -->        .back-button:hover {<!-- [et_pb_line_break_holder] -->            transform: translateY(-3px);<!-- [et_pb_line_break_holder] -->            box-shadow: 0 6px 20px rgba(0, 0, 0, 0.3);<!-- [et_pb_line_break_holder] -->            background: linear-gradient(135deg, #1e88e5, #1bbde5);<!-- [et_pb_line_break_holder] -->        }<!-- [et_pb_line_break_holder] --><!-- [et_pb_line_break_holder] -->        \/* Responsive Design *\/<!-- [et_pb_line_break_holder] -->        @media (max-width: 768px) {<!-- [et_pb_line_break_holder] -->            .btn, .back-button {<!-- [et_pb_line_break_holder] -->                width: 100%;<!-- [et_pb_line_break_holder] -->                max-width: 280px;<!-- [et_pb_line_break_holder] -->            }<!-- [et_pb_line_break_holder] -->        }<!-- [et_pb_line_break_holder] -->    <\/style>\n<p><!-- [et_pb_line_break_holder] --><\/head><!-- [et_pb_line_break_holder] --><body><!-- [et_pb_line_break_holder] -->    <\/p>\n<h2>YARKU &#8211; QUI SOMMES-NOUS?<\/h2>\n<p><!-- [et_pb_line_break_holder] -->    <\/p>\n<div class=\"container\"><!-- [et_pb_line_break_holder] -->        <\/p>\n<div class=\"button-group group1\"><!-- [et_pb_line_break_holder] -->            <a href=\"https:\/\/yariibambou.org\/en\/histoire-2\/\" class=\"btn\"><!-- [et_pb_line_break_holder] -->                <span class=\"add-icon\"><i class=\"fas fa-list-ul\"><\/i><\/span> Histoire des Yarsi<!-- [et_pb_line_break_holder] -->            <\/a><!-- [et_pb_line_break_holder] -->            <a href=\"https:\/\/yariibambou.org\/en\/signification-des-noms-de-famille\/\" class=\"btn\"><!-- [et_pb_line_break_holder] -->                <span class=\"add-icon\"><i class=\"fas fa-list-ul\"><\/i><\/span> Les patronymes Yarsi <!-- [et_pb_line_break_holder] -->            <\/a><!-- [et_pb_line_break_holder] -->           <a href=\"https:\/\/yariibambou.org\/en\/themes\/\" class=\"btn\"><!-- [et_pb_line_break_holder] -->                <span class=\"add-icon\"><i class=\"fas fa-list-ul\"><\/i><\/span> Les th\u00e8mes d&#8217;\u00e9tude<!-- [et_pb_line_break_holder] -->            <\/a><!-- [et_pb_line_break_holder] -->        <\/div>\n<p><!-- [et_pb_line_break_holder] --><!-- [et_pb_line_break_holder] -->    <\/div>\n<p><!-- [et_pb_line_break_holder] -->          <a href=\"https:\/\/yariibambou.org\/en\/\" class=\"back-button\" aria-label=\"Retour \u00e0 la page pr\u00e9c\u00e9dente\"><!-- [et_pb_line_break_holder] -->            <span class=\"add-icon\"><i class=\"fas fa-arrow-left\"><\/i><\/span><!-- [et_pb_line_break_holder] -->        <\/a><!-- [et_pb_line_break_holder] --><\/body><!-- [et_pb_line_break_holder] --><\/html>[\/et_pb_code][\/et_pb_column][\/et_pb_row][\/et_pb_section]<\/p>","protected":false},"excerpt":{"rendered":"","protected":false},"author":3,"featured_media":0,"parent":0,"menu_order":0,"comment_status":"closed","ping_status":"closed","template":"","meta":{"_et_pb_use_builder":"on","_et_pb_old_content":"<!-- wp:divi\/placeholder \/-->","_et_gb_content_width":"","footnotes":""},"class_list":["post-36375","page","type-page","status-publish","hentry"],"yoast_head":"<!-- This site is optimized with the Yoast SEO plugin v23.5 - https:\/\/yoast.com\/wordpress\/plugins\/seo\/ -->\n<title>Communaut\u00e9 - YARIIBAMBOU<\/title>\n<meta name=\"description\" content=\"dagari-dioula, yarii, waala, langue, burkina, yarsi, yarka\" \/>\n<meta name=\"robots\" content=\"index, follow, max-snippet:-1, max-image-preview:large, max-video-preview:-1\" \/>\n<link rel=\"canonical\" href=\"https:\/\/yariibambou.org\/en\/communaute\/\" \/>\n<meta property=\"og:locale\" content=\"en_US\" \/>\n<meta property=\"og:type\" content=\"article\" \/>\n<meta property=\"og:title\" content=\"Communaut\u00e9 - YARIIBAMBOU\" \/>\n<meta property=\"og:description\" content=\"dagari-dioula, yarii, waala, langue, burkina, yarsi, yarka\" \/>\n<meta property=\"og:url\" content=\"https:\/\/yariibambou.org\/en\/communaute\/\" \/>\n<meta property=\"og:site_name\" content=\"YARIIBAMBOU\" \/>\n<meta property=\"article:modified_time\" content=\"2025-08-28T17:29:46+00:00\" \/>\n<meta name=\"twitter:card\" content=\"summary_large_image\" \/>\n<script type=\"application\/ld+json\" class=\"yoast-schema-graph\">{\"@context\":\"https:\/\/schema.org\",\"@graph\":[{\"@type\":\"WebPage\",\"@id\":\"https:\/\/yariibambou.org\/communaute\/\",\"url\":\"https:\/\/yariibambou.org\/communaute\/\",\"name\":\"Communaut\u00e9 - YARIIBAMBOU\",\"isPartOf\":{\"@id\":\"https:\/\/yariibambou.org\/#website\"},\"datePublished\":\"2025-05-26T19:02:47+00:00\",\"dateModified\":\"2025-08-28T17:29:46+00:00\",\"description\":\"dagari-dioula, yarii, waala, langue, burkina, yarsi, yarka\",\"breadcrumb\":{\"@id\":\"https:\/\/yariibambou.org\/communaute\/#breadcrumb\"},\"inLanguage\":\"en-US\",\"potentialAction\":[{\"@type\":\"ReadAction\",\"target\":[\"https:\/\/yariibambou.org\/communaute\/\"]}]},{\"@type\":\"BreadcrumbList\",\"@id\":\"https:\/\/yariibambou.org\/communaute\/#breadcrumb\",\"itemListElement\":[{\"@type\":\"ListItem\",\"position\":1,\"name\":\"Accueil\",\"item\":\"https:\/\/yariibambou.org\/\"},{\"@type\":\"ListItem\",\"position\":2,\"name\":\"Communaut\u00e9\"}]},{\"@type\":\"WebSite\",\"@id\":\"https:\/\/yariibambou.org\/#website\",\"url\":\"https:\/\/yariibambou.org\/\",\"name\":\"YARIIBAMBOU\",\"description\":\"Bantaa-Nontaa - Sountaa - Lagntaa\",\"publisher\":{\"@id\":\"https:\/\/yariibambou.org\/#organization\"},\"potentialAction\":[{\"@type\":\"SearchAction\",\"target\":{\"@type\":\"EntryPoint\",\"urlTemplate\":\"https:\/\/yariibambou.org\/?s={search_term_string}\"},\"query-input\":{\"@type\":\"PropertyValueSpecification\",\"valueRequired\":true,\"valueName\":\"search_term_string\"}}],\"inLanguage\":\"en-US\"},{\"@type\":\"Organization\",\"@id\":\"https:\/\/yariibambou.org\/#organization\",\"name\":\"YARIIBAMBOU\",\"url\":\"https:\/\/yariibambou.org\/\",\"logo\":{\"@type\":\"ImageObject\",\"inLanguage\":\"en-US\",\"@id\":\"https:\/\/yariibambou.org\/#\/schema\/logo\/image\/\",\"url\":\"https:\/\/yariibambou.org\/wp-content\/uploads\/2024\/09\/cropped-logo-1.jpeg\",\"contentUrl\":\"https:\/\/yariibambou.org\/wp-content\/uploads\/2024\/09\/cropped-logo-1.jpeg\",\"width\":512,\"height\":512,\"caption\":\"YARIIBAMBOU\"},\"image\":{\"@id\":\"https:\/\/yariibambou.org\/#\/schema\/logo\/image\/\"}}]}<\/script>\n<!-- \/ Yoast SEO plugin. -->","yoast_head_json":{"title":"Communaut\u00e9 - YARIIBAMBOU","description":"dagari-dioula, yarii, waala, langue, burkina, yarsi, yarka","robots":{"index":"index","follow":"follow","max-snippet":"max-snippet:-1","max-image-preview":"max-image-preview:large","max-video-preview":"max-video-preview:-1"},"canonical":"https:\/\/yariibambou.org\/en\/communaute\/","og_locale":"en_US","og_type":"article","og_title":"Communaut\u00e9 - YARIIBAMBOU","og_description":"dagari-dioula, yarii, waala, langue, burkina, yarsi, yarka","og_url":"https:\/\/yariibambou.org\/en\/communaute\/","og_site_name":"YARIIBAMBOU","article_modified_time":"2025-08-28T17:29:46+00:00","twitter_card":"summary_large_image","schema":{"@context":"https:\/\/schema.org","@graph":[{"@type":"WebPage","@id":"https:\/\/yariibambou.org\/communaute\/","url":"https:\/\/yariibambou.org\/communaute\/","name":"Communaut\u00e9 - YARIIBAMBOU","isPartOf":{"@id":"https:\/\/yariibambou.org\/#website"},"datePublished":"2025-05-26T19:02:47+00:00","dateModified":"2025-08-28T17:29:46+00:00","description":"dagari-dioula, yarii, waala, langue, burkina, yarsi, yarka","breadcrumb":{"@id":"https:\/\/yariibambou.org\/communaute\/#breadcrumb"},"inLanguage":"en-US","potentialAction":[{"@type":"ReadAction","target":["https:\/\/yariibambou.org\/communaute\/"]}]},{"@type":"BreadcrumbList","@id":"https:\/\/yariibambou.org\/communaute\/#breadcrumb","itemListElement":[{"@type":"ListItem","position":1,"name":"Accueil","item":"https:\/\/yariibambou.org\/"},{"@type":"ListItem","position":2,"name":"Communaut\u00e9"}]},{"@type":"WebSite","@id":"https:\/\/yariibambou.org\/#website","url":"https:\/\/yariibambou.org\/","name":"YARIIBAMBOU","description":"Bantaa-Nontaa - Sountaa - Lagntaa","publisher":{"@id":"https:\/\/yariibambou.org\/#organization"},"potentialAction":[{"@type":"SearchAction","target":{"@type":"EntryPoint","urlTemplate":"https:\/\/yariibambou.org\/?s={search_term_string}"},"query-input":{"@type":"PropertyValueSpecification","valueRequired":true,"valueName":"search_term_string"}}],"inLanguage":"en-US"},{"@type":"Organization","@id":"https:\/\/yariibambou.org\/#organization","name":"YARIIBAMBOU","url":"https:\/\/yariibambou.org\/","logo":{"@type":"ImageObject","inLanguage":"en-US","@id":"https:\/\/yariibambou.org\/#\/schema\/logo\/image\/","url":"https:\/\/yariibambou.org\/wp-content\/uploads\/2024\/09\/cropped-logo-1.jpeg","contentUrl":"https:\/\/yariibambou.org\/wp-content\/uploads\/2024\/09\/cropped-logo-1.jpeg","width":512,"height":512,"caption":"YARIIBAMBOU"},"image":{"@id":"https:\/\/yariibambou.org\/#\/schema\/logo\/image\/"}}]}},"_links":{"self":[{"href":"https:\/\/yariibambou.org\/en\/wp-json\/wp\/v2\/pages\/36375","targetHints":{"allow":["GET"]}}],"collection":[{"href":"https:\/\/yariibambou.org\/en\/wp-json\/wp\/v2\/pages"}],"about":[{"href":"https:\/\/yariibambou.org\/en\/wp-json\/wp\/v2\/types\/page"}],"author":[{"embeddable":true,"href":"https:\/\/yariibambou.org\/en\/wp-json\/wp\/v2\/users\/3"}],"replies":[{"embeddable":true,"href":"https:\/\/yariibambou.org\/en\/wp-json\/wp\/v2\/comments?post=36375"}],"version-history":[{"count":10,"href":"https:\/\/yariibambou.org\/en\/wp-json\/wp\/v2\/pages\/36375\/revisions"}],"predecessor-version":[{"id":37388,"href":"https:\/\/yariibambou.org\/en\/wp-json\/wp\/v2\/pages\/36375\/revisions\/37388"}],"wp:attachment":[{"href":"https:\/\/yariibambou.org\/en\/wp-json\/wp\/v2\/media?parent=36375"}],"curies":[{"name":"wp","href":"https:\/\/api.w.org\/{rel}","templated":true}]}}