
{"id":31181,"date":"2024-11-25T16:27:20","date_gmt":"2024-11-25T16:27:20","guid":{"rendered":"https:\/\/yariibambou.org\/?page_id=31181"},"modified":"2024-11-30T09:51:10","modified_gmt":"2024-11-30T09:51:10","slug":"doudoguou-niyassiba-gnassiba-administrateurs-et-coordonnateurs","status":"publish","type":"page","link":"https:\/\/yariibambou.org\/en\/doudoguou-niyassiba-gnassiba-administrateurs-et-coordonnateurs\/","title":{"rendered":"Bounsou"},"content":{"rendered":"<p>[et_pb_section fb_built=&#8221;1&#8243; _builder_version=&#8221;4.27.3&#8243; _module_preset=&#8221;default&#8221; global_colors_info=&#8221;{}&#8221;][et_pb_row _builder_version=&#8221;4.27.3&#8243; _module_preset=&#8221;default&#8221; global_colors_info=&#8221;{}&#8221;][et_pb_column type=&#8221;4_4&#8243; _builder_version=&#8221;4.27.3&#8243; _module_preset=&#8221;default&#8221; global_colors_info=&#8221;{}&#8221;][et_pb_code _builder_version=&#8221;4.27.4&#8243; _module_preset=&#8221;default&#8221; hover_enabled=&#8221;0&#8243; global_colors_info=&#8221;{}&#8221; sticky_enabled=&#8221;0&#8243;]<!DOCTYPE html><!-- [et_pb_line_break_holder] --><html lang=\"fr\"><!-- [et_pb_line_break_holder] --><head><!-- [et_pb_line_break_holder] -->    <meta charset=\"UTF-8\"><!-- [et_pb_line_break_holder] -->    <meta name=\"viewport\" content=\"width=device-width, initial-scale=1.0\"><!-- [et_pb_line_break_holder] -->    <title>Membres<\/title><!-- [et_pb_line_break_holder] -->    <\/p>\n<style><!-- [et_pb_line_break_holder] -->        body <!-- [et_pb_line_break_holder] -->            font-family: Arial, sans-serif;<!-- [et_pb_line_break_holder] -->            background-color: #e0f7fa; \/* Light blue background *\/<!-- [et_pb_line_break_holder] -->            margin: 0;<!-- [et_pb_line_break_holder] -->            padding: 20px;<!-- [et_pb_line_break_holder] -->        }<!-- [et_pb_line_break_holder] --><!-- [et_pb_line_break_holder] -->        .container {<!-- [et_pb_line_break_holder] -->            max-width: 900px;<!-- [et_pb_line_break_holder] -->            margin: auto;<!-- [et_pb_line_break_holder] -->            padding: 20px;<!-- [et_pb_line_break_holder] -->            background-color: #ffffff;<!-- [et_pb_line_break_holder] -->            border-radius: 8px;<!-- [et_pb_line_break_holder] -->            box-shadow: 0 0 10px rgba(0, 0, 0, 0.1);<!-- [et_pb_line_break_holder] -->        }<!-- [et_pb_line_break_holder] --><!-- [et_pb_line_break_holder] -->        h1 {<!-- [et_pb_line_break_holder] -->            color: #0277bd; \/* Dark blue *\/<!-- [et_pb_line_break_holder] -->            text-align: center;<!-- [et_pb_line_break_holder] -->        }<!-- [et_pb_line_break_holder] --><!-- [et_pb_line_break_holder] -->        p {<!-- [et_pb_line_break_holder] -->            font-size: 1.2em;<!-- [et_pb_line_break_holder] -->            color: #000000; \/* Texte en noir *\/<!-- [et_pb_line_break_holder] -->            text-align: center;<!-- [et_pb_line_break_holder] -->            margin-top: 10px;<!-- [et_pb_line_break_holder] -->        }<!-- [et_pb_line_break_holder] --><!-- [et_pb_line_break_holder] -->        table {<!-- [et_pb_line_break_holder] -->            width: 100%;<!-- [et_pb_line_break_holder] -->            margin-top: 30px;<!-- [et_pb_line_break_holder] -->            border-collapse: collapse;<!-- [et_pb_line_break_holder] -->            text-align: left;<!-- [et_pb_line_break_holder] -->        }<!-- [et_pb_line_break_holder] --><!-- [et_pb_line_break_holder] -->        table, th, td {<!-- [et_pb_line_break_holder] -->            border: 1px solid #0288d1; \/* Blue border for table *\/<!-- [et_pb_line_break_holder] -->        }<!-- [et_pb_line_break_holder] --><!-- [et_pb_line_break_holder] -->        th, td {<!-- [et_pb_line_break_holder] -->            padding: 12px;<!-- [et_pb_line_break_holder] -->            text-align: center;<!-- [et_pb_line_break_holder] -->        }<!-- [et_pb_line_break_holder] --><!-- [et_pb_line_break_holder] -->        th {<!-- [et_pb_line_break_holder] -->            background-color: #0288d1; \/* Blue background for header *\/<!-- [et_pb_line_break_holder] -->            color: white;<!-- [et_pb_line_break_holder] -->        }<!-- [et_pb_line_break_holder] --><!-- [et_pb_line_break_holder] -->        td img {<!-- [et_pb_line_break_holder] -->            width: 100px;  \/* Increased size of images *\/<!-- [et_pb_line_break_holder] -->            height: 100px; \/* Increased size of images *\/<!-- [et_pb_line_break_holder] -->            border-radius: 50%;<!-- [et_pb_line_break_holder] -->            object-fit: cover;<!-- [et_pb_line_break_holder] -->        }<!-- [et_pb_line_break_holder] -->    <\/style>\n<p><!-- [et_pb_line_break_holder] --><\/head><!-- [et_pb_line_break_holder] --><body><!-- [et_pb_line_break_holder] --><!-- [et_pb_line_break_holder] -->    <\/p>\n<div class=\"container\"><!-- [et_pb_line_break_holder] -->        <\/p>\n<h1>Bounsou<\/h1>\n<p><!-- [et_pb_line_break_holder] -->        <!-- [et_pb_line_break_holder] -->        <!-- Texte en noir ajout\u00e9 ici --><!-- [et_pb_line_break_holder] -->        <pee>Les administrateurs et mod\u00e9rateurs assurent la gestion des espaces de communication de YARIIBAMBOU, surveillent les publications et veillent \u00e0 la discipline sur la plateforme.<!-- [et_pb_line_break_holder] --><\/pee><!-- [et_pb_line_break_holder] --><!-- [et_pb_line_break_holder] -->        <\/p>\n<table><!-- [et_pb_line_break_holder] -->            <\/p>\n<thead><!-- [et_pb_line_break_holder] -->                <\/p>\n<tr><!-- [et_pb_line_break_holder] -->                    <\/p>\n<th>Photo<\/th>\n<p><!-- [et_pb_line_break_holder] -->                    <\/p>\n<th>Pr\u00e9nom<\/th>\n<p><!-- [et_pb_line_break_holder] -->                    <\/p>\n<th>Name<\/th>\n<p><!-- [et_pb_line_break_holder] -->                    <\/p>\n<th>Fonction<\/th>\n<p><!-- [et_pb_line_break_holder] -->                <\/tr>\n<p><!-- [et_pb_line_break_holder] -->            <\/thead>\n<p><!-- [et_pb_line_break_holder] -->            <\/p>\n<tbody><!-- [et_pb_line_break_holder] -->               <\/p>\n<tr><!-- [et_pb_line_break_holder] -->                  <\/p>\n<td><img decoding=\"async\" src=\"https:\/\/yariibambou.org\/wp-content\/dev\/img\/Mahawa Konat\u00e9.jpeg\" alt=\"Mahawa Konat\u00e9.jpeg\"><\/td>\n<p><!-- [et_pb_line_break_holder] -->                    <\/p>\n<td>Mahawa <\/td>\n<p><!-- [et_pb_line_break_holder] -->                    <\/p>\n<td>KONATE <\/td>\n<p><!-- [et_pb_line_break_holder] -->                    <\/p>\n<td>Journaliste<\/td>\n<p><!-- [et_pb_line_break_holder] -->                <\/tr>\n<p><!-- [et_pb_line_break_holder] -->                <\/p>\n<tr><!-- [et_pb_line_break_holder] -->                    <\/p>\n<td><img decoding=\"async\" src=\"https:\/\/yariibambou.org\/wp-content\/dev\/img\/Atta.jpeg\" alt=\"SIENOU Ganiu ( Viisey Naa).jpeg\"><\/td>\n<p><!-- [et_pb_line_break_holder] -->                    <\/p>\n<td>Atta<\/td>\n<p><!-- [et_pb_line_break_holder] -->                    <\/p>\n<td>SIENOU <\/td>\n<p><!-- [et_pb_line_break_holder] -->                    <\/p>\n<td>Kouboro Naa<\/td>\n<p><!-- [et_pb_line_break_holder] -->                <\/tr>\n<p><!-- [et_pb_line_break_holder] -->                <\/p>\n<tr><!-- [et_pb_line_break_holder] -->                    <\/p>\n<td><img decoding=\"async\" src=\"https:\/\/yariibambou.org\/wp-content\/dev\/img\/DAO Abdel Aziz.jpeg\" alt=\"SIENOU Abdoulaye .jpeg\"><\/td>\n<p><!-- [et_pb_line_break_holder] -->                    <\/p>\n<td>Abdel Aziz<\/td>\n<p><!-- [et_pb_line_break_holder] -->                    <\/p>\n<td>DAO<\/td>\n<p><!-- [et_pb_line_break_holder] -->                    <\/p>\n<td>Gestionnaire<\/td>\n<p><!-- [et_pb_line_break_holder] -->                <\/tr>\n<p><!-- [et_pb_line_break_holder] -->                <\/p>\n<tr><!-- [et_pb_line_break_holder] -->                   <\/p>\n<td><img decoding=\"async\" src=\"https:\/\/yariibambou.org\/wp-content\/dev\/img\/SEYNOU Boubacar.jpeg\" alt=\" SEYNOU Boubacar.jpeg\"><\/td>\n<p><!-- [et_pb_line_break_holder] -->                    <\/p>\n<td>Boubacar<\/td>\n<p><!-- [et_pb_line_break_holder] -->                    <\/p>\n<td>SEYNOU<\/td>\n<p><!-- [et_pb_line_break_holder] -->                    <\/p>\n<td>Sociologue<\/td>\n<p><!-- [et_pb_line_break_holder] -->                <\/tr>\n<p><!-- [et_pb_line_break_holder] -->                <\/p>\n<tr><!-- [et_pb_line_break_holder] -->                   <\/p>\n<td><img decoding=\"async\" src=\"https:\/\/yariibambou.org\/wp-content\/dev\/img\/DABO Moumini.jpeg\" alt=\"DABO Moumini.jpeg\"><\/td>\n<p><!-- [et_pb_line_break_holder] -->                    <\/p>\n<td>Moumini <\/td>\n<p><!-- [et_pb_line_break_holder] -->                    <\/p>\n<td>DABO<\/td>\n<p><!-- [et_pb_line_break_holder] -->                    <\/p>\n<td>Cultivateur<\/td>\n<p><!-- [et_pb_line_break_holder] -->                <\/tr>\n<p><!-- [et_pb_line_break_holder] -->                <\/p>\n<tr><!-- [et_pb_line_break_holder] -->                    <\/p>\n<td><img decoding=\"async\" src=\"https:\/\/yariibambou.org\/wp-content\/dev\/img\/KONATE Boureima\" alt=\"KONATE Boureima\"><\/td>\n<p><!-- [et_pb_line_break_holder] -->                    <\/p>\n<td>Boureima <\/td>\n<p><!-- [et_pb_line_break_holder] -->                    <\/p>\n<td>KONATE<\/td>\n<p><!-- [et_pb_line_break_holder] -->                    <\/p>\n<td>Gestionnaire des ressources humaines<\/td>\n<p><!-- [et_pb_line_break_holder] -->                <\/tr>\n<p><!-- [et_pb_line_break_holder] -->                <\/p>\n<tr><!-- [et_pb_line_break_holder] -->                     <\/p>\n<td><img decoding=\"async\" src=\"https:\/\/yariibambou.org\/wp-content\/dev\/img\/SILA.jpeg\" alt=\"ZONOU SILA.jpeg\"><\/td>\n<p><!-- [et_pb_line_break_holder] -->                    <\/p>\n<td>Silaoudeni  <\/td>\n<p><!-- [et_pb_line_break_holder] -->                    <\/p>\n<td>ZONOU <\/td>\n<p><!-- [et_pb_line_break_holder] -->                    <\/p>\n<td>Instituteur<\/td>\n<p><!-- [et_pb_line_break_holder] -->                <\/tr>\n<p><!-- [et_pb_line_break_holder] -->                <\/p>\n<tr><!-- [et_pb_line_break_holder] -->                     <\/p>\n<td><img decoding=\"async\" src=\"https:\/\/yariibambou.org\/wp-content\/dev\/img\/KONATE Bassitou.jpeg\" alt=\"KONATE Bassitou.jpeg\"><\/td>\n<p><!-- [et_pb_line_break_holder] -->                    <\/p>\n<td>Bassitou <\/td>\n<p><!-- [et_pb_line_break_holder] -->                    <\/p>\n<td>KONATE <\/td>\n<p><!-- [et_pb_line_break_holder] -->                    <\/p>\n<td>S\u00e9cr\u00e9taire \u00e0 la prefecture de To<\/td>\n<p><!-- [et_pb_line_break_holder] -->                <\/tr>\n<p><!-- [et_pb_line_break_holder] -->               <!-- [et_pb_line_break_holder] -->                <\/p>\n<tr><!-- [et_pb_line_break_holder] -->                     <\/p>\n<td><img decoding=\"async\" src=\"https:\/\/yariibambou.org\/wp-content\/dev\/img\/KONATE Abdoul-haki.jpeg\" alt=\"KONATE Abdoul-haki.jpeg\"><\/td>\n<p><!-- [et_pb_line_break_holder] -->                    <\/p>\n<td>Abdoul-Haki<\/td>\n<p><!-- [et_pb_line_break_holder] -->                    <\/p>\n<td>KONATE <\/td>\n<p><!-- [et_pb_line_break_holder] -->                    <\/p>\n<td>Etudiant en histoire<\/td>\n<p><!-- [et_pb_line_break_holder] -->                <\/tr>\n<p><!-- [et_pb_line_break_holder] -->                 <\/p>\n<tr><!-- [et_pb_line_break_holder] -->                     <\/p>\n<td><img decoding=\"async\" src=\"https:\/\/yariibambou.org\/wp-content\/dev\/img\/ZONOU Silaoudeni.jpeg\" alt=\"KONATE Abibata.jpeg\"><\/td>\n<p><!-- [et_pb_line_break_holder] -->                    <\/p>\n<td>Abibata<\/td>\n<p><!-- [et_pb_line_break_holder] -->                    <\/p>\n<td>KONATE <\/td>\n<p><!-- [et_pb_line_break_holder] -->                    <\/p>\n<td>Etudiante en histoire<\/td>\n<p><!-- [et_pb_line_break_holder] -->                <\/tr>\n<p><!-- [et_pb_line_break_holder] -->                 <\/p>\n<tr><!-- [et_pb_line_break_holder] -->                     <\/p>\n<td><img decoding=\"async\" src=\"https:\/\/yariibambou.org\/wp-content\/dev\/img\/SIENOU Abdoul Kawiou.jpeg\" alt=\"SIENOU Abdoul Kawiou.jpeg\"><\/td>\n<p><!-- [et_pb_line_break_holder] -->                    <\/p>\n<td>Abdoul Kawiou<\/td>\n<p><!-- [et_pb_line_break_holder] -->                    <\/p>\n<td>SIENOU <\/td>\n<p><!-- [et_pb_line_break_holder] -->                    <\/p>\n<td>Commer\u00e7ant<\/td>\n<p><!-- [et_pb_line_break_holder] -->                <\/tr>\n<p><!-- [et_pb_line_break_holder] -->                 <\/p>\n<tr><!-- [et_pb_line_break_holder] -->                     <\/p>\n<td><img decoding=\"async\" src=\"https:\/\/yariibambou.org\/wp-content\/dev\/img\/ZONOU Ahmadou.jpeg\" alt=\"ZONOU Ahmadou.jpeg\"><\/td>\n<p><!-- [et_pb_line_break_holder] -->                    <\/p>\n<td>Hamadou <\/td>\n<p><!-- [et_pb_line_break_holder] -->                    <\/p>\n<td>ZONOU<\/td>\n<p><!-- [et_pb_line_break_holder] -->                    <\/p>\n<td>Etudiant en droit<\/td>\n<p><!-- [et_pb_line_break_holder] -->                <\/tr>\n<p><!-- [et_pb_line_break_holder] -->              <\/p>\n<tr><!-- [et_pb_line_break_holder] -->                     <\/p>\n<td><img decoding=\"async\" src=\"https:\/\/yariibambou.org\/wp-content\/dev\/img\/Dabo Youssion.jpeg\" alt=\"Dabo Youssion.jpeg\"><\/td>\n<p><!-- [et_pb_line_break_holder] -->                    <\/p>\n<td>Youssion <\/td>\n<p><!-- [et_pb_line_break_holder] -->                    <\/p>\n<td>DABO<\/td>\n<p><!-- [et_pb_line_break_holder] -->                    <\/p>\n<td>\u00c9tudiant en droit<\/td>\n<p><!-- [et_pb_line_break_holder] -->                <\/tr>\n<p><!-- [et_pb_line_break_holder] -->              <\/p>\n<tr><!-- [et_pb_line_break_holder] -->                    <\/p>\n<td><img decoding=\"async\" src=\"https:\/\/yariibambou.org\/wp-content\/dev\/img\/KONAT\u00c9 Bassirou.jpeg\" alt=\"KONAT\u00c9 Bassirou .jpeg\"><\/td>\n<p><!-- [et_pb_line_break_holder] -->                    <\/p>\n<td>Bassirou<\/td>\n<p><!-- [et_pb_line_break_holder] -->                    <\/p>\n<td>KONAT\u00c9<\/td>\n<p><!-- [et_pb_line_break_holder] -->                    <\/p>\n<td>Gestionnaire<\/td>\n<p><!-- [et_pb_line_break_holder] -->                <\/tr>\n<p><!-- [et_pb_line_break_holder] -->            <\/tbody>\n<p><!-- [et_pb_line_break_holder] -->        <\/table>\n<p><!-- [et_pb_line_break_holder] -->    <\/div>\n<p><!-- [et_pb_line_break_holder] --><!-- [et_pb_line_break_holder] --><\/body><!-- [et_pb_line_break_holder] --><\/html><!-- [et_pb_line_break_holder] -->[\/et_pb_code][\/et_pb_column][\/et_pb_row][\/et_pb_section]<\/p>","protected":false},"excerpt":{"rendered":"","protected":false},"author":67,"featured_media":0,"parent":0,"menu_order":0,"comment_status":"closed","ping_status":"closed","template":"","meta":{"_et_pb_use_builder":"on","_et_pb_old_content":"","_et_gb_content_width":"","footnotes":""},"class_list":["post-31181","page","type-page","status-publish","hentry"],"yoast_head":"<!-- This site is optimized with the Yoast SEO plugin v23.5 - https:\/\/yoast.com\/wordpress\/plugins\/seo\/ -->\n<title>Bounsou - YARIIBAMBOU<\/title>\n<meta name=\"description\" content=\"dagari-dioula, yarii, waala, langue, burkina, yarsi, yarka\" \/>\n<meta name=\"robots\" content=\"index, follow, max-snippet:-1, max-image-preview:large, max-video-preview:-1\" \/>\n<link rel=\"canonical\" href=\"https:\/\/yariibambou.org\/en\/doudoguou-niyassiba-gnassiba-administrateurs-et-coordonnateurs\/\" \/>\n<meta property=\"og:locale\" content=\"en_US\" \/>\n<meta property=\"og:type\" content=\"article\" \/>\n<meta property=\"og:title\" content=\"Bounsou - YARIIBAMBOU\" \/>\n<meta property=\"og:description\" content=\"dagari-dioula, yarii, waala, langue, burkina, yarsi, yarka\" \/>\n<meta property=\"og:url\" content=\"https:\/\/yariibambou.org\/en\/doudoguou-niyassiba-gnassiba-administrateurs-et-coordonnateurs\/\" \/>\n<meta property=\"og:site_name\" content=\"YARIIBAMBOU\" \/>\n<meta property=\"article:modified_time\" content=\"2024-11-30T09:51:10+00:00\" \/>\n<meta property=\"og:image\" content=\"https:\/\/yariibambou.org\/wp-content\/dev\/img\/Atta.jpeg\" \/>\n<meta name=\"twitter:card\" content=\"summary_large_image\" \/>\n<meta name=\"twitter:label1\" content=\"Est. reading time\" \/>\n\t<meta name=\"twitter:data1\" content=\"3 minutes\" \/>\n<script type=\"application\/ld+json\" class=\"yoast-schema-graph\">{\"@context\":\"https:\/\/schema.org\",\"@graph\":[{\"@type\":\"WebPage\",\"@id\":\"https:\/\/yariibambou.org\/doudoguou-niyassiba-gnassiba-administrateurs-et-coordonnateurs\/\",\"url\":\"https:\/\/yariibambou.org\/doudoguou-niyassiba-gnassiba-administrateurs-et-coordonnateurs\/\",\"name\":\"Bounsou - YARIIBAMBOU\",\"isPartOf\":{\"@id\":\"https:\/\/yariibambou.org\/#website\"},\"primaryImageOfPage\":{\"@id\":\"https:\/\/yariibambou.org\/doudoguou-niyassiba-gnassiba-administrateurs-et-coordonnateurs\/#primaryimage\"},\"image\":{\"@id\":\"https:\/\/yariibambou.org\/doudoguou-niyassiba-gnassiba-administrateurs-et-coordonnateurs\/#primaryimage\"},\"thumbnailUrl\":\"https:\/\/yariibambou.org\/wp-content\/dev\/img\/Atta.jpeg\",\"datePublished\":\"2024-11-25T16:27:20+00:00\",\"dateModified\":\"2024-11-30T09:51:10+00:00\",\"description\":\"dagari-dioula, yarii, waala, langue, burkina, yarsi, yarka\",\"breadcrumb\":{\"@id\":\"https:\/\/yariibambou.org\/doudoguou-niyassiba-gnassiba-administrateurs-et-coordonnateurs\/#breadcrumb\"},\"inLanguage\":\"en-US\",\"potentialAction\":[{\"@type\":\"ReadAction\",\"target\":[\"https:\/\/yariibambou.org\/doudoguou-niyassiba-gnassiba-administrateurs-et-coordonnateurs\/\"]}]},{\"@type\":\"ImageObject\",\"inLanguage\":\"en-US\",\"@id\":\"https:\/\/yariibambou.org\/doudoguou-niyassiba-gnassiba-administrateurs-et-coordonnateurs\/#primaryimage\",\"url\":\"https:\/\/yariibambou.org\/wp-content\/dev\/img\/Atta.jpeg\",\"contentUrl\":\"https:\/\/yariibambou.org\/wp-content\/dev\/img\/Atta.jpeg\"},{\"@type\":\"BreadcrumbList\",\"@id\":\"https:\/\/yariibambou.org\/doudoguou-niyassiba-gnassiba-administrateurs-et-coordonnateurs\/#breadcrumb\",\"itemListElement\":[{\"@type\":\"ListItem\",\"position\":1,\"name\":\"Accueil\",\"item\":\"https:\/\/yariibambou.org\/\"},{\"@type\":\"ListItem\",\"position\":2,\"name\":\"Bounsou\"}]},{\"@type\":\"WebSite\",\"@id\":\"https:\/\/yariibambou.org\/#website\",\"url\":\"https:\/\/yariibambou.org\/\",\"name\":\"YARIIBAMBOU\",\"description\":\"Bantaa-Nontaa - Sountaa - Lagntaa\",\"publisher\":{\"@id\":\"https:\/\/yariibambou.org\/#organization\"},\"potentialAction\":[{\"@type\":\"SearchAction\",\"target\":{\"@type\":\"EntryPoint\",\"urlTemplate\":\"https:\/\/yariibambou.org\/?s={search_term_string}\"},\"query-input\":{\"@type\":\"PropertyValueSpecification\",\"valueRequired\":true,\"valueName\":\"search_term_string\"}}],\"inLanguage\":\"en-US\"},{\"@type\":\"Organization\",\"@id\":\"https:\/\/yariibambou.org\/#organization\",\"name\":\"YARIIBAMBOU\",\"url\":\"https:\/\/yariibambou.org\/\",\"logo\":{\"@type\":\"ImageObject\",\"inLanguage\":\"en-US\",\"@id\":\"https:\/\/yariibambou.org\/#\/schema\/logo\/image\/\",\"url\":\"https:\/\/yariibambou.org\/wp-content\/uploads\/2024\/09\/cropped-logo-1.jpeg\",\"contentUrl\":\"https:\/\/yariibambou.org\/wp-content\/uploads\/2024\/09\/cropped-logo-1.jpeg\",\"width\":512,\"height\":512,\"caption\":\"YARIIBAMBOU\"},\"image\":{\"@id\":\"https:\/\/yariibambou.org\/#\/schema\/logo\/image\/\"}}]}<\/script>\n<!-- \/ Yoast SEO plugin. -->","yoast_head_json":{"title":"Bounsou - YARIIBAMBOU","description":"dagari-dioula, yarii, waala, langue, burkina, yarsi, yarka","robots":{"index":"index","follow":"follow","max-snippet":"max-snippet:-1","max-image-preview":"max-image-preview:large","max-video-preview":"max-video-preview:-1"},"canonical":"https:\/\/yariibambou.org\/en\/doudoguou-niyassiba-gnassiba-administrateurs-et-coordonnateurs\/","og_locale":"en_US","og_type":"article","og_title":"Bounsou - YARIIBAMBOU","og_description":"dagari-dioula, yarii, waala, langue, burkina, yarsi, yarka","og_url":"https:\/\/yariibambou.org\/en\/doudoguou-niyassiba-gnassiba-administrateurs-et-coordonnateurs\/","og_site_name":"YARIIBAMBOU","article_modified_time":"2024-11-30T09:51:10+00:00","og_image":[{"url":"https:\/\/yariibambou.org\/wp-content\/dev\/img\/Atta.jpeg"}],"twitter_card":"summary_large_image","twitter_misc":{"Est. reading time":"3 minutes"},"schema":{"@context":"https:\/\/schema.org","@graph":[{"@type":"WebPage","@id":"https:\/\/yariibambou.org\/doudoguou-niyassiba-gnassiba-administrateurs-et-coordonnateurs\/","url":"https:\/\/yariibambou.org\/doudoguou-niyassiba-gnassiba-administrateurs-et-coordonnateurs\/","name":"Bounsou - YARIIBAMBOU","isPartOf":{"@id":"https:\/\/yariibambou.org\/#website"},"primaryImageOfPage":{"@id":"https:\/\/yariibambou.org\/doudoguou-niyassiba-gnassiba-administrateurs-et-coordonnateurs\/#primaryimage"},"image":{"@id":"https:\/\/yariibambou.org\/doudoguou-niyassiba-gnassiba-administrateurs-et-coordonnateurs\/#primaryimage"},"thumbnailUrl":"https:\/\/yariibambou.org\/wp-content\/dev\/img\/Atta.jpeg","datePublished":"2024-11-25T16:27:20+00:00","dateModified":"2024-11-30T09:51:10+00:00","description":"dagari-dioula, yarii, waala, langue, burkina, yarsi, yarka","breadcrumb":{"@id":"https:\/\/yariibambou.org\/doudoguou-niyassiba-gnassiba-administrateurs-et-coordonnateurs\/#breadcrumb"},"inLanguage":"en-US","potentialAction":[{"@type":"ReadAction","target":["https:\/\/yariibambou.org\/doudoguou-niyassiba-gnassiba-administrateurs-et-coordonnateurs\/"]}]},{"@type":"ImageObject","inLanguage":"en-US","@id":"https:\/\/yariibambou.org\/doudoguou-niyassiba-gnassiba-administrateurs-et-coordonnateurs\/#primaryimage","url":"https:\/\/yariibambou.org\/wp-content\/dev\/img\/Atta.jpeg","contentUrl":"https:\/\/yariibambou.org\/wp-content\/dev\/img\/Atta.jpeg"},{"@type":"BreadcrumbList","@id":"https:\/\/yariibambou.org\/doudoguou-niyassiba-gnassiba-administrateurs-et-coordonnateurs\/#breadcrumb","itemListElement":[{"@type":"ListItem","position":1,"name":"Accueil","item":"https:\/\/yariibambou.org\/"},{"@type":"ListItem","position":2,"name":"Bounsou"}]},{"@type":"WebSite","@id":"https:\/\/yariibambou.org\/#website","url":"https:\/\/yariibambou.org\/","name":"YARIIBAMBOU","description":"Bantaa-Nontaa - Sountaa - Lagntaa","publisher":{"@id":"https:\/\/yariibambou.org\/#organization"},"potentialAction":[{"@type":"SearchAction","target":{"@type":"EntryPoint","urlTemplate":"https:\/\/yariibambou.org\/?s={search_term_string}"},"query-input":{"@type":"PropertyValueSpecification","valueRequired":true,"valueName":"search_term_string"}}],"inLanguage":"en-US"},{"@type":"Organization","@id":"https:\/\/yariibambou.org\/#organization","name":"YARIIBAMBOU","url":"https:\/\/yariibambou.org\/","logo":{"@type":"ImageObject","inLanguage":"en-US","@id":"https:\/\/yariibambou.org\/#\/schema\/logo\/image\/","url":"https:\/\/yariibambou.org\/wp-content\/uploads\/2024\/09\/cropped-logo-1.jpeg","contentUrl":"https:\/\/yariibambou.org\/wp-content\/uploads\/2024\/09\/cropped-logo-1.jpeg","width":512,"height":512,"caption":"YARIIBAMBOU"},"image":{"@id":"https:\/\/yariibambou.org\/#\/schema\/logo\/image\/"}}]}},"_links":{"self":[{"href":"https:\/\/yariibambou.org\/en\/wp-json\/wp\/v2\/pages\/31181","targetHints":{"allow":["GET"]}}],"collection":[{"href":"https:\/\/yariibambou.org\/en\/wp-json\/wp\/v2\/pages"}],"about":[{"href":"https:\/\/yariibambou.org\/en\/wp-json\/wp\/v2\/types\/page"}],"author":[{"embeddable":true,"href":"https:\/\/yariibambou.org\/en\/wp-json\/wp\/v2\/users\/67"}],"replies":[{"embeddable":true,"href":"https:\/\/yariibambou.org\/en\/wp-json\/wp\/v2\/comments?post=31181"}],"version-history":[{"count":20,"href":"https:\/\/yariibambou.org\/en\/wp-json\/wp\/v2\/pages\/31181\/revisions"}],"predecessor-version":[{"id":31363,"href":"https:\/\/yariibambou.org\/en\/wp-json\/wp\/v2\/pages\/31181\/revisions\/31363"}],"wp:attachment":[{"href":"https:\/\/yariibambou.org\/en\/wp-json\/wp\/v2\/media?parent=31181"}],"curies":[{"name":"wp","href":"https:\/\/api.w.org\/{rel}","templated":true}]}}