
{"id":31173,"date":"2024-11-25T15:05:24","date_gmt":"2024-11-25T15:05:24","guid":{"rendered":"https:\/\/yariibambou.org\/?page_id=31173"},"modified":"2025-05-27T13:26:03","modified_gmt":"2025-05-27T13:26:03","slug":"zounguou","status":"publish","type":"page","link":"https:\/\/yariibambou.org\/en\/zounguou\/","title":{"rendered":"Zonguou"},"content":{"rendered":"<p>[et_pb_section fb_built=&#8221;1&#8243; _builder_version=&#8221;4.27.3&#8243; _module_preset=&#8221;default&#8221; global_colors_info=&#8221;{}&#8221;][et_pb_row _builder_version=&#8221;4.27.3&#8243; _module_preset=&#8221;default&#8221; global_colors_info=&#8221;{}&#8221;][et_pb_column type=&#8221;4_4&#8243; _builder_version=&#8221;4.27.3&#8243; _module_preset=&#8221;default&#8221; global_colors_info=&#8221;{}&#8221;][et_pb_code _builder_version=&#8221;4.27.4&#8243; _module_preset=&#8221;default&#8221; custom_margin=&#8221;|||-318px|false|false&#8221; hover_enabled=&#8221;0&#8243; global_colors_info=&#8221;{}&#8221; sticky_enabled=&#8221;0&#8243;] <!DOCTYPE html><!-- [et_pb_line_break_holder] --><html lang=\"fr\"><!-- [et_pb_line_break_holder] --><head><!-- [et_pb_line_break_holder] -->    <meta charset=\"UTF-8\"><!-- [et_pb_line_break_holder] -->    <meta name=\"viewport\" content=\"width=device-width, initial-scale=1.0\"><!-- [et_pb_line_break_holder] -->    <title>Membres<\/title><!-- [et_pb_line_break_holder] -->    <link href=\"https:\/\/fonts.googleapis.com\/css2?family=Poppins:wght@300;400;600&#038;display=swap\" rel=\"stylesheet\"><!-- [et_pb_line_break_holder] -->    <\/p>\n<style><!-- [et_pb_line_break_holder] -->body {<!-- [et_pb_line_break_holder] -->    min-height: 900vh;<!-- [et_pb_line_break_holder] -->    padding: 0px 0px;<!-- [et_pb_line_break_holder] -->    background-image: url(\"data:image\/svg+xml,%3Csvg width='20' height='20' viewBox='10 20 20 20' xmlns='http:\/\/www.w3.org\/2000\/svg'%3E%3Cg fill='%23ffffff' fill-opacity='0.1' fill-rule='evenodd'%3E%3Ccircle cx='3' cy='3' r='3'\/%3E%3Ccircle cx='13' cy='13' r='3'\/%3E%3C\/g%3E%3C\/svg%3E\");<!-- [et_pb_line_break_holder] -->}<!-- [et_pb_line_break_holder] --><!-- [et_pb_line_break_holder] --> {<!-- [et_pb_line_break_holder] -->    max-width: 1900px; \/* Reasonable value for centering *\/<!-- [et_pb_line_break_holder] -->    margin: 10px auto;<!-- [et_pb_line_break_holder] -->    padding: 0 20px;<!-- [et_pb_line_break_holder] -->}<!-- [et_pb_line_break_holder] --><!-- [et_pb_line_break_holder] -->.header {<!-- [et_pb_line_break_holder] -->    background: linear-gradient(90deg, #0277bd 50%, #0288d1 100%);<!-- [et_pb_line_break_holder] -->    padding: 30px;<!-- [et_pb_line_break_holder] -->    text-align: center;<!-- [et_pb_line_break_holder] -->    color: white;<!-- [et_pb_line_break_holder] -->    width: 80%; \/* Set a width to allow centering *\/<!-- [et_pb_line_break_holder] -->    max-width: 1200px; \/* Cap the width for balance *\/<!-- [et_pb_line_break_holder] -->    margin: 0 auto; \/* Center the header div horizontally *\/<!-- [et_pb_line_break_holder] -->    border-radius: 8px; \/* Optional: adds a slight curve for aesthetics *\/<!-- [et_pb_line_break_holder] -->}<!-- [et_pb_line_break_holder] --><!-- [et_pb_line_break_holder] -->h1 {<!-- [et_pb_line_break_holder] -->    font-size: 2.1em;<!-- [et_pb_line_break_holder] -->    font-weight: 600;<!-- [et_pb_line_break_holder] -->    margin-bottom: 30px;<!-- [et_pb_line_break_holder] -->    text-align: center;<!-- [et_pb_line_break_holder] -->}<!-- [et_pb_line_break_holder] --><!-- [et_pb_line_break_holder] -->p {<!-- [et_pb_line_break_holder] -->    font-size: 1.2em;<!-- [et_pb_line_break_holder] -->    color: #333;<!-- [et_pb_line_break_holder] -->    text-align: center;<!-- [et_pb_line_break_holder] -->    max-width: 1000px; \/* Adjusted from 90000px to a reasonable value *\/<!-- [et_pb_line_break_holder] -->    margin: 20px auto;<!-- [et_pb_line_break_holder] -->    line-height: 1.6;<!-- [et_pb_line_break_holder] -->}<!-- [et_pb_line_break_holder] --><!-- [et_pb_line_break_holder] -->table {<!-- [et_pb_line_break_holder] -->    width: 90%; \/* Adjusted for better centering *\/<!-- [et_pb_line_break_holder] -->    max-width: 2900px; \/* Caps the table width *\/<!-- [et_pb_line_break_holder] -->    min-width: 1800px; \/* Ensures table is wide but not excessive *\/<!-- [et_pb_line_break_holder] -->    border-collapse: collapse;<!-- [et_pb_line_break_holder] -->    margin: 30px auto; \/* Center the table horizontally *\/<!-- [et_pb_line_break_holder] -->}<!-- [et_pb_line_break_holder] --><!-- [et_pb_line_break_holder] -->th, td {<!-- [et_pb_line_break_holder] -->    padding: 20px; \/* Increased padding for spacious cells *\/<!-- [et_pb_line_break_holder] -->    text-align: center;<!-- [et_pb_line_break_holder] -->    border: none;<!-- [et_pb_line_break_holder] -->    border-bottom: 3px solid #e0e0e0;<!-- [et_pb_line_break_holder] -->}<!-- [et_pb_line_break_holder] --><!-- [et_pb_line_break_holder] -->th {<!-- [et_pb_line_break_holder] -->    background: #0277bd;<!-- [et_pb_line_break_holder] -->    color: white;<!-- [et_pb_line_break_holder] -->    font-weight: 900;<!-- [et_pb_line_break_holder] -->    text-transform: uppercase;<!-- [et_pb_line_break_holder] -->    letter-spacing: 1px;<!-- [et_pb_line_break_holder] -->}<!-- [et_pb_line_break_holder] --><!-- [et_pb_line_break_holder] -->td img {<!-- [et_pb_line_break_holder] -->    width: 140px; \/* Slightly larger images *\/<!-- [et_pb_line_break_holder] -->    height: 140px;<!-- [et_pb_line_break_holder] -->    border-radius: 0%;<!-- [et_pb_line_break_holder] -->    object-fit: cover;<!-- [et_pb_line_break_holder] -->    border: 3px solid #e0f7fa;<!-- [et_pb_line_break_holder] -->    transition: transform 0.3s ease;<!-- [et_pb_line_break_holder] -->}<!-- [et_pb_line_break_holder] --><!-- [et_pb_line_break_holder] -->td img:hover {<!-- [et_pb_line_break_holder] -->    transform: scale(1.1);<!-- [et_pb_line_break_holder] -->}<!-- [et_pb_line_break_holder] --><!-- [et_pb_line_break_holder] -->tr {<!-- [et_pb_line_break_holder] -->    transition: background 0.3s ease;<!-- [et_pb_line_break_holder] -->}<!-- [et_pb_line_break_holder] --><!-- [et_pb_line_break_holder] -->tr:hover {<!-- [et_pb_line_break_holder] -->    background: #f5faff;<!-- [et_pb_line_break_holder] -->}<!-- [et_pb_line_break_holder] --><!-- [et_pb_line_break_holder] -->td {<!-- [et_pb_line_break_holder] -->    font-size: 1em;<!-- [et_pb_line_break_holder] -->    color: #333;<!-- [et_pb_line_break_holder] -->}<!-- [et_pb_line_break_holder] --><!-- [et_pb_line_break_holder] -->@media (max-width: 768px) {<!-- [et_pb_line_break_holder] -->    table {<!-- [et_pb_line_break_holder] -->        display: block;<!-- [et_pb_line_break_holder] -->        overflow-x: auto;<!-- [et_pb_line_break_holder] -->        min-width: 600px; \/* Adjusted for mobile *\/<!-- [et_pb_line_break_holder] -->        margin: 30px 0; \/* Remove auto to avoid centering issues on mobile *\/<!-- [et_pb_line_break_holder] -->    }<!-- [et_pb_line_break_holder] --><!-- [et_pb_line_break_holder] -->    th, td {<!-- [et_pb_line_break_holder] -->        min-width: 120px;<!-- [et_pb_line_break_holder] -->        padding: 15px;<!-- [et_pb_line_break_holder] -->    }<!-- [et_pb_line_break_holder] --><!-- [et_pb_line_break_holder] -->    h1 {<!-- [et_pb_line_break_holder] -->        font-size: 2em;<!-- [et_pb_line_break_holder] -->    }<!-- [et_pb_line_break_holder] --><!-- [et_pb_line_break_holder] -->    td img {<!-- [et_pb_line_break_holder] -->        width: 80px;<!-- [et_pb_line_break_holder] -->        height: 80px;<!-- [et_pb_line_break_holder] -->    }<!-- [et_pb_line_break_holder] --><!-- [et_pb_line_break_holder] -->    .header {<!-- [et_pb_line_break_holder] -->        width: 100%; \/* Full width on mobile for better fit *\/<!-- [et_pb_line_break_holder] -->        margin: 0; \/* Remove auto margin to avoid issues *\/<!-- [et_pb_line_break_holder] -->    }<!-- [et_pb_line_break_holder] -->}<!-- [et_pb_line_break_holder] -->    <\/style>\n<p><!-- [et_pb_line_break_holder] --><\/head><!-- [et_pb_line_break_holder] --><body><!-- [et_pb_line_break_holder] -->    <\/p>\n<div class=\"container\"><!-- [et_pb_line_break_holder] -->        <\/p>\n<div class=\"header\"><!-- [et_pb_line_break_holder] -->            <\/p>\n<h1>ZONGUOU (Coll\u00e8ge des sages)<\/h1>\n<p><!-- [et_pb_line_break_holder] -->        <\/div>\n<p><!-- [et_pb_line_break_holder] -->        <!-- [et_pb_line_break_holder] -->        <pee>Les personnes ci-dessous forment le coll\u00e8ge de gouvernance et sont responsables des orientations et d\u00e9cisions strat\u00e9giques de Yariibambou.<\/pee><!-- [et_pb_line_break_holder] --><!-- [et_pb_line_break_holder] -->        <\/p>\n<table><!-- [et_pb_line_break_holder] -->            <\/p>\n<thead><!-- [et_pb_line_break_holder] -->                <\/p>\n<tr><!-- [et_pb_line_break_holder] -->                    <\/p>\n<th>Photo<\/th>\n<p><!-- [et_pb_line_break_holder] -->                    <\/p>\n<th>Pr\u00e9nom<\/th>\n<p><!-- [et_pb_line_break_holder] -->                    <\/p>\n<th>Name<\/th>\n<p><!-- [et_pb_line_break_holder] -->                    <\/p>\n<th>Fonction<\/th>\n<p><!-- [et_pb_line_break_holder] -->                <\/tr>\n<p><!-- [et_pb_line_break_holder] -->            <\/thead>\n<p><!-- [et_pb_line_break_holder] -->            <\/p>\n<tbody><!-- [et_pb_line_break_holder] -->                <\/p>\n<tr><!-- [et_pb_line_break_holder] -->                    <\/p>\n<td><img decoding=\"async\" src=\"https:\/\/yariibambou.org\/wp-content\/dev\/img\/SIENOU Ganiu ( Viisey Naa).jpeg\" alt=\"SIENOU Ganiu\"><\/td>\n<p><!-- [et_pb_line_break_holder] -->                    <\/p>\n<td>El hadj Ganiou<\/td>\n<p><!-- [et_pb_line_break_holder] -->                    <\/p>\n<td>SIENOU<\/td>\n<p><!-- [et_pb_line_break_holder] -->                    <\/p>\n<td>Chef de Viisey<\/td>\n<p><!-- [et_pb_line_break_holder] -->                <\/tr>\n<p><!-- [et_pb_line_break_holder] -->                <\/p>\n<tr><!-- [et_pb_line_break_holder] -->                    <\/p>\n<td><img decoding=\"async\" src=\"https:\/\/yariibambou.org\/wp-content\/dev\/img\/SIENOU Abdoulaye .jpeg\" alt=\"SIENOU Abdoulaye\"><\/td>\n<p><!-- [et_pb_line_break_holder] -->                    <\/p>\n<td>El Hajj Abdoulaye<\/td>\n<p><!-- [et_pb_line_break_holder] -->                    <\/p>\n<td>SIENOU<\/td>\n<p><!-- [et_pb_line_break_holder] -->                    <\/p>\n<td>Chef de Di\u00e9bougou<\/td>\n<p><!-- [et_pb_line_break_holder] -->                <\/tr>\n<p><!-- [et_pb_line_break_holder] -->                <\/p>\n<tr><!-- [et_pb_line_break_holder] -->                    <\/p>\n<td><img decoding=\"async\" src=\"https:\/\/yariibambou.org\/wp-content\/dev\/img\/Mamin KONAT\u00c9 .jpeg\" alt=\"Mamin KONAT\u00c9\"><\/td>\n<p><!-- [et_pb_line_break_holder] -->                    <\/p>\n<td>Ousman Mamin<\/td>\n<p><!-- [et_pb_line_break_holder] -->                    <\/p>\n<td>KONATE<\/td>\n<p><!-- [et_pb_line_break_holder] -->                    <\/p>\n<td>M\u00e9decin<\/td>\n<p><!-- [et_pb_line_break_holder] -->                <\/tr>\n<p><!-- [et_pb_line_break_holder] -->                <\/p>\n<tr><!-- [et_pb_line_break_holder] -->                    <\/p>\n<td><img decoding=\"async\" src=\"https:\/\/yariibambou.org\/wp-content\/dev\/img\/CIENOU Naima.jpeg\" alt=\"CIENOU Naima\"><\/td>\n<p><!-- [et_pb_line_break_holder] -->                    <\/p>\n<td>Na\u00efma<\/td>\n<p><!-- [et_pb_line_break_holder] -->                    <\/p>\n<td>CIENOU<\/td>\n<p><!-- [et_pb_line_break_holder] -->                    <\/p>\n<td>Commer\u00e7ante<\/td>\n<p><!-- [et_pb_line_break_holder] -->                <\/tr>\n<p><!-- [et_pb_line_break_holder] -->                <\/p>\n<tr><!-- [et_pb_line_break_holder] -->                    <\/p>\n<td><img decoding=\"async\" src=\"https:\/\/yariibambou.org\/wp-content\/dev\/img\/YLLA Moumouni .jpeg\" alt=\"YLLA Moumouni\"><\/td>\n<p><!-- [et_pb_line_break_holder] -->                    <\/p>\n<td>Moumouni<\/td>\n<p><!-- [et_pb_line_break_holder] -->                    <\/p>\n<td>YILLA<\/td>\n<p><!-- [et_pb_line_break_holder] -->                    <\/p>\n<td>Agriculteur<\/td>\n<p><!-- [et_pb_line_break_holder] -->                <\/tr>\n<p><!-- [et_pb_line_break_holder] -->                <\/p>\n<tr><!-- [et_pb_line_break_holder] -->                    <\/p>\n<td><img decoding=\"async\" src=\"https:\/\/yariibambou.org\/wp-content\/dev\/img\/KONAT\u00c9 Baba Yaya.jpeg\" alt=\"KONAT\u00c9 Baba Yaya\"><\/td>\n<p><!-- [et_pb_line_break_holder] -->                    <\/p>\n<td>Baba Yaya<\/td>\n<p><!-- [et_pb_line_break_holder] -->                    <\/p>\n<td>KONATE<\/td>\n<p><!-- [et_pb_line_break_holder] -->                    <\/p>\n<td>Baba Police, fonctionnaire de police \u00e0 la retraite<\/td>\n<p><!-- [et_pb_line_break_holder] -->                <\/tr>\n<p><!-- [et_pb_line_break_holder] -->                <\/p>\n<tr><!-- [et_pb_line_break_holder] -->                    <\/p>\n<td><img decoding=\"async\" src=\"https:\/\/yariibambou.org\/wp-content\/dev\/img\/SEYNOU Oumarou .jpeg\" alt=\"SEYNOU Oumarou\"><\/td>\n<p><!-- [et_pb_line_break_holder] -->                    <\/p>\n<td>Oumarou<\/td>\n<p><!-- [et_pb_line_break_holder] -->                    <\/p>\n<td>SEYNOU<\/td>\n<p><!-- [et_pb_line_break_holder] -->                    <\/p>\n<td>Ing\u00e9nieur Forestier<\/td>\n<p><!-- [et_pb_line_break_holder] -->                <\/tr>\n<p><!-- [et_pb_line_break_holder] -->                <\/p>\n<tr><!-- [et_pb_line_break_holder] -->                    <\/p>\n<td><img decoding=\"async\" src=\"https:\/\/yariibambou.org\/wp-content\/dev\/img\/Amadou Amadou KONAT\u00c9.jpeg\" alt=\"Amadou Amadou KONAT\u00c9\"><\/td>\n<p><!-- [et_pb_line_break_holder] -->                    <\/p>\n<td>Amadou<\/td>\n<p><!-- [et_pb_line_break_holder] -->                    <\/p>\n<td>KONATE<\/td>\n<p><!-- [et_pb_line_break_holder] -->                    <\/p>\n<td>M\u00e9decin<\/td>\n<p><!-- [et_pb_line_break_holder] -->                <\/tr>\n<p><!-- [et_pb_line_break_holder] -->                <\/p>\n<tr><!-- [et_pb_line_break_holder] -->                    <\/p>\n<td><img decoding=\"async\" src=\"https:\/\/yariibambou.org\/wp-content\/dev\/img\/SEYNOU Issoufou .jpeg\" alt=\"SEYNOU Issoufou\"><\/td>\n<p><!-- [et_pb_line_break_holder] -->                    <\/p>\n<td>Issoufou<\/td>\n<p><!-- [et_pb_line_break_holder] -->                    <\/p>\n<td>SEYNOU<\/td>\n<p><!-- [et_pb_line_break_holder] -->                    <\/p>\n<td>Ing\u00e9nieur T\u00e9l\u00e9coms<\/td>\n<p><!-- [et_pb_line_break_holder] -->                <\/tr>\n<p><!-- [et_pb_line_break_holder] -->            <\/tbody>\n<p><!-- [et_pb_line_break_holder] -->        <\/table>\n<p><!-- [et_pb_line_break_holder] -->    <\/div>\n<p><!-- [et_pb_line_break_holder] --><\/body><!-- [et_pb_line_break_holder] --><\/html>[\/et_pb_code][\/et_pb_column][\/et_pb_row][\/et_pb_section]<\/p>","protected":false},"excerpt":{"rendered":"","protected":false},"author":67,"featured_media":0,"parent":0,"menu_order":0,"comment_status":"closed","ping_status":"closed","template":"","meta":{"_et_pb_use_builder":"on","_et_pb_old_content":"","_et_gb_content_width":"","footnotes":""},"class_list":["post-31173","page","type-page","status-publish","hentry"],"yoast_head":"<!-- This site is optimized with the Yoast SEO plugin v23.5 - https:\/\/yoast.com\/wordpress\/plugins\/seo\/ -->\n<title>Zonguou - YARIIBAMBOU<\/title>\n<meta name=\"description\" content=\"Yarii, langue, burkina, yarsi, yarka, Ghana\" \/>\n<meta name=\"robots\" content=\"index, follow, max-snippet:-1, max-image-preview:large, max-video-preview:-1\" \/>\n<link rel=\"canonical\" href=\"https:\/\/yariibambou.org\/en\/zounguou\/\" \/>\n<meta property=\"og:locale\" content=\"en_US\" \/>\n<meta property=\"og:type\" content=\"article\" \/>\n<meta property=\"og:title\" content=\"Zonguou - YARIIBAMBOU\" \/>\n<meta property=\"og:description\" content=\"Yarii, langue, burkina, yarsi, yarka, Ghana\" \/>\n<meta property=\"og:url\" content=\"https:\/\/yariibambou.org\/en\/zounguou\/\" \/>\n<meta property=\"og:site_name\" content=\"YARIIBAMBOU\" \/>\n<meta property=\"article:modified_time\" content=\"2025-05-27T13:26:03+00:00\" \/>\n<meta name=\"twitter:card\" content=\"summary_large_image\" \/>\n<meta name=\"twitter:label1\" content=\"Est. reading time\" \/>\n\t<meta name=\"twitter:data1\" content=\"3 minutes\" \/>\n<script type=\"application\/ld+json\" class=\"yoast-schema-graph\">{\"@context\":\"https:\/\/schema.org\",\"@graph\":[{\"@type\":\"WebPage\",\"@id\":\"https:\/\/yariibambou.org\/zounguou\/\",\"url\":\"https:\/\/yariibambou.org\/zounguou\/\",\"name\":\"Zonguou - YARIIBAMBOU\",\"isPartOf\":{\"@id\":\"https:\/\/yariibambou.org\/#website\"},\"datePublished\":\"2024-11-25T15:05:24+00:00\",\"dateModified\":\"2025-05-27T13:26:03+00:00\",\"description\":\"Yarii, langue, burkina, yarsi, yarka, Ghana\",\"breadcrumb\":{\"@id\":\"https:\/\/yariibambou.org\/zounguou\/#breadcrumb\"},\"inLanguage\":\"en-US\",\"potentialAction\":[{\"@type\":\"ReadAction\",\"target\":[\"https:\/\/yariibambou.org\/zounguou\/\"]}]},{\"@type\":\"BreadcrumbList\",\"@id\":\"https:\/\/yariibambou.org\/zounguou\/#breadcrumb\",\"itemListElement\":[{\"@type\":\"ListItem\",\"position\":1,\"name\":\"Accueil\",\"item\":\"https:\/\/yariibambou.org\/\"},{\"@type\":\"ListItem\",\"position\":2,\"name\":\"Zonguou\"}]},{\"@type\":\"WebSite\",\"@id\":\"https:\/\/yariibambou.org\/#website\",\"url\":\"https:\/\/yariibambou.org\/\",\"name\":\"YARIIBAMBOU\",\"description\":\"Bantaa-Nontaa - Sountaa - Lagntaa\",\"publisher\":{\"@id\":\"https:\/\/yariibambou.org\/#organization\"},\"potentialAction\":[{\"@type\":\"SearchAction\",\"target\":{\"@type\":\"EntryPoint\",\"urlTemplate\":\"https:\/\/yariibambou.org\/?s={search_term_string}\"},\"query-input\":{\"@type\":\"PropertyValueSpecification\",\"valueRequired\":true,\"valueName\":\"search_term_string\"}}],\"inLanguage\":\"en-US\"},{\"@type\":\"Organization\",\"@id\":\"https:\/\/yariibambou.org\/#organization\",\"name\":\"YARIIBAMBOU\",\"url\":\"https:\/\/yariibambou.org\/\",\"logo\":{\"@type\":\"ImageObject\",\"inLanguage\":\"en-US\",\"@id\":\"https:\/\/yariibambou.org\/#\/schema\/logo\/image\/\",\"url\":\"https:\/\/yariibambou.org\/wp-content\/uploads\/2024\/09\/cropped-logo-1.jpeg\",\"contentUrl\":\"https:\/\/yariibambou.org\/wp-content\/uploads\/2024\/09\/cropped-logo-1.jpeg\",\"width\":512,\"height\":512,\"caption\":\"YARIIBAMBOU\"},\"image\":{\"@id\":\"https:\/\/yariibambou.org\/#\/schema\/logo\/image\/\"}}]}<\/script>\n<!-- \/ Yoast SEO plugin. -->","yoast_head_json":{"title":"Zonguou - YARIIBAMBOU","description":"Yarii, langue, burkina, yarsi, yarka, Ghana","robots":{"index":"index","follow":"follow","max-snippet":"max-snippet:-1","max-image-preview":"max-image-preview:large","max-video-preview":"max-video-preview:-1"},"canonical":"https:\/\/yariibambou.org\/en\/zounguou\/","og_locale":"en_US","og_type":"article","og_title":"Zonguou - YARIIBAMBOU","og_description":"Yarii, langue, burkina, yarsi, yarka, Ghana","og_url":"https:\/\/yariibambou.org\/en\/zounguou\/","og_site_name":"YARIIBAMBOU","article_modified_time":"2025-05-27T13:26:03+00:00","twitter_card":"summary_large_image","twitter_misc":{"Est. reading time":"3 minutes"},"schema":{"@context":"https:\/\/schema.org","@graph":[{"@type":"WebPage","@id":"https:\/\/yariibambou.org\/zounguou\/","url":"https:\/\/yariibambou.org\/zounguou\/","name":"Zonguou - YARIIBAMBOU","isPartOf":{"@id":"https:\/\/yariibambou.org\/#website"},"datePublished":"2024-11-25T15:05:24+00:00","dateModified":"2025-05-27T13:26:03+00:00","description":"Yarii, langue, burkina, yarsi, yarka, Ghana","breadcrumb":{"@id":"https:\/\/yariibambou.org\/zounguou\/#breadcrumb"},"inLanguage":"en-US","potentialAction":[{"@type":"ReadAction","target":["https:\/\/yariibambou.org\/zounguou\/"]}]},{"@type":"BreadcrumbList","@id":"https:\/\/yariibambou.org\/zounguou\/#breadcrumb","itemListElement":[{"@type":"ListItem","position":1,"name":"Accueil","item":"https:\/\/yariibambou.org\/"},{"@type":"ListItem","position":2,"name":"Zonguou"}]},{"@type":"WebSite","@id":"https:\/\/yariibambou.org\/#website","url":"https:\/\/yariibambou.org\/","name":"YARIIBAMBOU","description":"Bantaa-Nontaa - Sountaa - Lagntaa","publisher":{"@id":"https:\/\/yariibambou.org\/#organization"},"potentialAction":[{"@type":"SearchAction","target":{"@type":"EntryPoint","urlTemplate":"https:\/\/yariibambou.org\/?s={search_term_string}"},"query-input":{"@type":"PropertyValueSpecification","valueRequired":true,"valueName":"search_term_string"}}],"inLanguage":"en-US"},{"@type":"Organization","@id":"https:\/\/yariibambou.org\/#organization","name":"YARIIBAMBOU","url":"https:\/\/yariibambou.org\/","logo":{"@type":"ImageObject","inLanguage":"en-US","@id":"https:\/\/yariibambou.org\/#\/schema\/logo\/image\/","url":"https:\/\/yariibambou.org\/wp-content\/uploads\/2024\/09\/cropped-logo-1.jpeg","contentUrl":"https:\/\/yariibambou.org\/wp-content\/uploads\/2024\/09\/cropped-logo-1.jpeg","width":512,"height":512,"caption":"YARIIBAMBOU"},"image":{"@id":"https:\/\/yariibambou.org\/#\/schema\/logo\/image\/"}}]}},"_links":{"self":[{"href":"https:\/\/yariibambou.org\/en\/wp-json\/wp\/v2\/pages\/31173","targetHints":{"allow":["GET"]}}],"collection":[{"href":"https:\/\/yariibambou.org\/en\/wp-json\/wp\/v2\/pages"}],"about":[{"href":"https:\/\/yariibambou.org\/en\/wp-json\/wp\/v2\/types\/page"}],"author":[{"embeddable":true,"href":"https:\/\/yariibambou.org\/en\/wp-json\/wp\/v2\/users\/67"}],"replies":[{"embeddable":true,"href":"https:\/\/yariibambou.org\/en\/wp-json\/wp\/v2\/comments?post=31173"}],"version-history":[{"count":23,"href":"https:\/\/yariibambou.org\/en\/wp-json\/wp\/v2\/pages\/31173\/revisions"}],"predecessor-version":[{"id":36462,"href":"https:\/\/yariibambou.org\/en\/wp-json\/wp\/v2\/pages\/31173\/revisions\/36462"}],"wp:attachment":[{"href":"https:\/\/yariibambou.org\/en\/wp-json\/wp\/v2\/media?parent=31173"}],"curies":[{"name":"wp","href":"https:\/\/api.w.org\/{rel}","templated":true}]}}