
{"id":28966,"date":"2023-08-01T23:59:03","date_gmt":"2023-08-01T23:59:03","guid":{"rendered":"https:\/\/yariibambou.org\/?page_id=28966"},"modified":"2025-07-13T19:02:20","modified_gmt":"2025-07-13T19:02:20","slug":"signification-des-noms-de-famille","status":"publish","type":"page","link":"https:\/\/yariibambou.org\/en\/signification-des-noms-de-famille\/","title":{"rendered":"Signification des noms de famille"},"content":{"rendered":"<p>[et_pb_section fb_built=&#8221;1&#8243; _builder_version=&#8221;4.21.0&#8243; _module_preset=&#8221;default&#8221; global_colors_info=&#8221;{}&#8221;][et_pb_row _builder_version=&#8221;4.27.0&#8243; _module_preset=&#8221;default&#8221; global_colors_info=&#8221;{}&#8221;][et_pb_column type=&#8221;4_4&#8243; _builder_version=&#8221;4.27.0&#8243; _module_preset=&#8221;default&#8221; global_colors_info=&#8221;{}&#8221;][et_pb_code _builder_version=&#8221;4.27.4&#8243; _module_preset=&#8221;default&#8221; hover_enabled=&#8221;0&#8243; global_colors_info=&#8221;{}&#8221; sticky_enabled=&#8221;0&#8243;]<!DOCTYPE html><!-- [et_pb_line_break_holder] --><html lang=\"fr\"><!-- [et_pb_line_break_holder] --><head><!-- [et_pb_line_break_holder] -->    <meta charset=\"UTF-8\"><!-- [et_pb_line_break_holder] -->    <meta name=\"viewport\" content=\"width=device-width, initial-scale=1.0\"><!-- [et_pb_line_break_holder] -->    <title>Tableau des Noms<\/title><!-- [et_pb_line_break_holder] -->    <link rel=\"stylesheet\" href=\"https:\/\/cdnjs.cloudflare.com\/ajax\/libs\/font-awesome\/6.4.2\/css\/all.min.css\"><!-- [et_pb_line_break_holder] -->    <\/p>\n<style><!-- [et_pb_line_break_holder] -->        body {<!-- [et_pb_line_break_holder] -->            font-family: 'Segoe UI', Arial, sans-serif;<!-- [et_pb_line_break_holder] -->            background-color: #f4f7fa;<!-- [et_pb_line_break_holder] -->            margin: 0;<!-- [et_pb_line_break_holder] -->            padding: 20px;<!-- [et_pb_line_break_holder] -->        }<!-- [et_pb_line_break_holder] --><!-- [et_pb_line_break_holder] -->        h2 {<!-- [et_pb_line_break_holder] -->            text-align: center;<!-- [et_pb_line_break_holder] -->            color: #333;<!-- [et_pb_line_break_holder] -->            font-size: 28px;<!-- [et_pb_line_break_holder] -->            font-weight: 600;<!-- [et_pb_line_break_holder] -->            margin: 30px 0 20px;<!-- [et_pb_line_break_holder] -->        }<!-- [et_pb_line_break_holder] --><!-- [et_pb_line_break_holder] -->        .table-container {<!-- [et_pb_line_break_holder] -->            max-width: 1000px;<!-- [et_pb_line_break_holder] -->            margin: 0 auto;<!-- [et_pb_line_break_holder] -->            box-shadow: 0 4px 15px rgba(0, 0, 0, 0.1);<!-- [et_pb_line_break_holder] -->            border-radius: 10px;<!-- [et_pb_line_break_holder] -->            overflow: hidden;<!-- [et_pb_line_break_holder] -->        }<!-- [et_pb_line_break_holder] --><!-- [et_pb_line_break_holder] -->        table {<!-- [et_pb_line_break_holder] -->            width: 100%;<!-- [et_pb_line_break_holder] -->            border-collapse: collapse;<!-- [et_pb_line_break_holder] -->            background-color: #fff;<!-- [et_pb_line_break_holder] -->        }<!-- [et_pb_line_break_holder] --><!-- [et_pb_line_break_holder] -->        th, td {<!-- [et_pb_line_break_holder] -->            padding: 15px;<!-- [et_pb_line_break_holder] -->            text-align: left;<!-- [et_pb_line_break_holder] -->            border-bottom: 1px solid #e0e0e0;<!-- [et_pb_line_break_holder] -->        }<!-- [et_pb_line_break_holder] --><!-- [et_pb_line_break_holder] -->        th {<!-- [et_pb_line_break_holder] -->            background: linear-gradient(135deg, #2196F3, #21CBF3);<!-- [et_pb_line_break_holder] -->            color: white;<!-- [et_pb_line_break_holder] -->            font-weight: 600;<!-- [et_pb_line_break_holder] -->            text-transform: uppercase;<!-- [et_pb_line_break_holder] -->            font-size: 16px;<!-- [et_pb_line_break_holder] -->        }<!-- [et_pb_line_break_holder] --><!-- [et_pb_line_break_holder] -->        td {<!-- [et_pb_line_break_holder] -->            color: #333;<!-- [et_pb_line_break_holder] -->            font-size: 15px;<!-- [et_pb_line_break_holder] -->        }<!-- [et_pb_line_break_holder] --><!-- [et_pb_line_break_holder] -->        tr:nth-child(even) {<!-- [et_pb_line_break_holder] -->            background-color: #f9f9f9;<!-- [et_pb_line_break_holder] -->        }<!-- [et_pb_line_break_holder] --><!-- [et_pb_line_break_holder] -->        tr:hover {<!-- [et_pb_line_break_holder] -->            background-color: #e3f2fd;<!-- [et_pb_line_break_holder] -->            transition: background-color 0.3s ease;<!-- [et_pb_line_break_holder] -->        }<!-- [et_pb_line_break_holder] --><!-- [et_pb_line_break_holder] -->        \/* Responsive Design *\/<!-- [et_pb_line_break_holder] -->        @media (max-width: 768px) {<!-- [et_pb_line_break_holder] -->            th, td {<!-- [et_pb_line_break_holder] -->                padding: 10px;<!-- [et_pb_line_break_holder] -->                font-size: 14px;<!-- [et_pb_line_break_holder] -->            }<!-- [et_pb_line_break_holder] --><!-- [et_pb_line_break_holder] -->            table {<!-- [et_pb_line_break_holder] -->                display: block;<!-- [et_pb_line_break_holder] -->                overflow-x: auto;<!-- [et_pb_line_break_holder] -->            }<!-- [et_pb_line_break_holder] -->        }<!-- [et_pb_line_break_holder] --><!-- [et_pb_line_break_holder] -->        .back-button {<!-- [et_pb_line_break_holder] -->            text-align: center;<!-- [et_pb_line_break_holder] -->            text-decoration: none;<!-- [et_pb_line_break_holder] -->            color: white;<!-- [et_pb_line_break_holder] -->            font-size: 18px;<!-- [et_pb_line_break_holder] -->            font-weight: 500;<!-- [et_pb_line_break_holder] -->            border-radius: 12px;<!-- [et_pb_line_break_holder] -->            padding: 15px 20px;<!-- [et_pb_line_break_holder] -->            display: inline-block;<!-- [et_pb_line_break_holder] -->            transition: all 0.3s ease;<!-- [et_pb_line_break_holder] -->            box-shadow: 0 4px 15px rgba(0, 0, 0, 0.2);<!-- [et_pb_line_break_holder] -->            background: linear-gradient(135deg, #2196F3, #21CBF3);<!-- [et_pb_line_break_holder] -->            margin-top: 20px;<!-- [et_pb_line_break_holder] -->        }<!-- [et_pb_line_break_holder] --><!-- [et_pb_line_break_holder] -->        .back-button:hover {<!-- [et_pb_line_break_holder] -->            transform: translateY(-3px);<!-- [et_pb_line_break_holder] -->            box-shadow: 0 6px 20px rgba(0, 0, 0, 0.3);<!-- [et_pb_line_break_holder] -->            background: linear-gradient(135deg, #1e88e5, #1bbde5);<!-- [et_pb_line_break_holder] -->        }<!-- [et_pb_line_break_holder] --><!-- [et_pb_line_break_holder] -->        \/* Responsive Design *\/<!-- [et_pb_line_break_holder] -->        @media (max-width: 768px) {<!-- [et_pb_line_break_holder] -->            .btn, .back-button {<!-- [et_pb_line_break_holder] -->                width: 100%;<!-- [et_pb_line_break_holder] -->                max-width: 280px;<!-- [et_pb_line_break_holder] -->            }<!-- [et_pb_line_break_holder] -->        }<!-- [et_pb_line_break_holder] -->    <\/style>\n<p><!-- [et_pb_line_break_holder] --><\/head><!-- [et_pb_line_break_holder] --><body><!-- [et_pb_line_break_holder] -->    <\/p>\n<h2>Les Patronymes chez les Yarsi<\/h2>\n<p><!-- [et_pb_line_break_holder] -->    <\/p>\n<div class=\"table-container\"><!-- [et_pb_line_break_holder] -->        <\/p>\n<table><!-- [et_pb_line_break_holder] -->            <\/p>\n<thead><!-- [et_pb_line_break_holder] -->                <\/p>\n<tr><!-- [et_pb_line_break_holder] -->                    <\/p>\n<th>#<\/th>\n<p><!-- [et_pb_line_break_holder] -->                    <\/p>\n<th>Name<\/th>\n<p><!-- [et_pb_line_break_holder] -->                    <\/p>\n<th>Variants\/Remarks<\/th>\n<p><!-- [et_pb_line_break_holder] -->                    <\/p>\n<th>Parents \u00e0 plaisanterie<\/th>\n<p><!-- [et_pb_line_break_holder] -->                <\/tr>\n<p><!-- [et_pb_line_break_holder] -->            <\/thead>\n<p><!-- [et_pb_line_break_holder] -->            <\/p>\n<tbody><!-- [et_pb_line_break_holder] -->                <\/p>\n<tr><!-- [et_pb_line_break_holder] -->                    <\/p>\n<td>1<\/td>\n<p><!-- [et_pb_line_break_holder] -->                    <\/p>\n<td>CISS\u00c9<\/td>\n<p><!-- [et_pb_line_break_holder] -->                    <\/p>\n<td>cissi\u00e9l\u00e9<\/td>\n<p><!-- [et_pb_line_break_holder] -->                    <\/p>\n<td><\/td>\n<p><!-- [et_pb_line_break_holder] -->                <\/tr>\n<p><!-- [et_pb_line_break_holder] -->                <\/p>\n<tr><!-- [et_pb_line_break_holder] -->                    <\/p>\n<td>2<\/td>\n<p><!-- [et_pb_line_break_holder] -->                    <\/p>\n<td>COULIBALY<\/td>\n<p><!-- [et_pb_line_break_holder] -->                    <\/p>\n<td>kurbalu, kurbal\u00e8<\/td>\n<p><!-- [et_pb_line_break_holder] -->                    <\/p>\n<td><\/td>\n<p><!-- [et_pb_line_break_holder] -->                <\/tr>\n<p><!-- [et_pb_line_break_holder] -->                <\/p>\n<tr><!-- [et_pb_line_break_holder] -->                    <\/p>\n<td>3<\/td>\n<p><!-- [et_pb_line_break_holder] -->                    <\/p>\n<td>DABO<\/td>\n<p><!-- [et_pb_line_break_holder] -->                    <\/p>\n<td>daabu, daabalu<\/td>\n<p><!-- [et_pb_line_break_holder] -->                    <\/p>\n<td><\/td>\n<p><!-- [et_pb_line_break_holder] -->                <\/tr>\n<p><!-- [et_pb_line_break_holder] -->                <\/p>\n<tr><!-- [et_pb_line_break_holder] -->                    <\/p>\n<td>4<\/td>\n<p><!-- [et_pb_line_break_holder] -->                    <\/p>\n<td>ILLA<\/td>\n<p><!-- [et_pb_line_break_holder] -->                    <\/p>\n<td>kandi\u00e8lu, yiila, signifie &#8216;filtrer&#8217;, forgerons des Yarsi, appel\u00e9s Kandiaila, li\u00e9s aux OURATA et KOUMOUNA<\/td>\n<p><!-- [et_pb_line_break_holder] -->                    <\/p>\n<td>Mossi, Peuls, Haoussa, belles-familles<\/td>\n<p><!-- [et_pb_line_break_holder] -->                <\/tr>\n<p><!-- [et_pb_line_break_holder] -->                <\/p>\n<tr><!-- [et_pb_line_break_holder] -->                    <\/p>\n<td>5<\/td>\n<p><!-- [et_pb_line_break_holder] -->                    <\/p>\n<td>KONATE<\/td>\n<p><!-- [et_pb_line_break_holder] -->                    <\/p>\n<td>kunaata, bissi\u00e9luh (pour encourager: M\u2019ma siinu)<\/td>\n<p><!-- [et_pb_line_break_holder] -->                    <\/p>\n<td><\/td>\n<p><!-- [et_pb_line_break_holder] -->                <\/tr>\n<p><!-- [et_pb_line_break_holder] -->                <\/p>\n<tr><!-- [et_pb_line_break_holder] -->                    <\/p>\n<td>6<\/td>\n<p><!-- [et_pb_line_break_holder] -->                    <\/p>\n<td>OURATA<\/td>\n<p><!-- [et_pb_line_break_holder] -->                    <\/p>\n<td>ouraati\u00e9l\u00e9, ourahta, vient de wiri-a-ta, d\u00e9signe &#8216;trois chevaux&#8217;<\/td>\n<p><!-- [et_pb_line_break_holder] -->                    <\/p>\n<td>Mossi, Peuls, Haoussa, belles-familles<\/td>\n<p><!-- [et_pb_line_break_holder] -->                <\/tr>\n<p><!-- [et_pb_line_break_holder] -->                <\/p>\n<tr><!-- [et_pb_line_break_holder] -->                    <\/p>\n<td>7<\/td>\n<p><!-- [et_pb_line_break_holder] -->                    <\/p>\n<td>SIENOU\/SEYNOU\/SENOU<\/td>\n<p><!-- [et_pb_line_break_holder] -->                    <\/p>\n<td>sienbal\u00e8 (pour encourager ou f\u00e9liciter: Sienou manakunu)<\/td>\n<p><!-- [et_pb_line_break_holder] -->                    <\/p>\n<td><\/td>\n<p><!-- [et_pb_line_break_holder] -->                <\/tr>\n<p><!-- [et_pb_line_break_holder] -->                <\/p>\n<tr><!-- [et_pb_line_break_holder] -->                    <\/p>\n<td>8<\/td>\n<p><!-- [et_pb_line_break_holder] -->                    <\/p>\n<td>TAGARA<\/td>\n<p><!-- [et_pb_line_break_holder] -->                    <\/p>\n<td>taguera, tagarah, vient de ta-ga-ra, signifie &#8216;quelqu\u2019un qui change positivement&#8217;<\/td>\n<p><!-- [et_pb_line_break_holder] -->                    <\/p>\n<td>Mossi, Peuls, Haoussa, belles-familles<\/td>\n<p><!-- [et_pb_line_break_holder] -->                <\/tr>\n<p><!-- [et_pb_line_break_holder] -->                <\/p>\n<tr><!-- [et_pb_line_break_holder] -->                    <\/p>\n<td>9<\/td>\n<p><!-- [et_pb_line_break_holder] -->                    <\/p>\n<td>TOUR\u00c9<\/td>\n<p><!-- [et_pb_line_break_holder] -->                    <\/p>\n<td>tuur\u00e9e<\/td>\n<p><!-- [et_pb_line_break_holder] -->                    <\/p>\n<td><\/td>\n<p><!-- [et_pb_line_break_holder] -->                <\/tr>\n<p><!-- [et_pb_line_break_holder] -->                <\/p>\n<tr><!-- [et_pb_line_break_holder] -->                    <\/p>\n<td>10<\/td>\n<p><!-- [et_pb_line_break_holder] -->                    <\/p>\n<td>TRAOR\u00c9<\/td>\n<p><!-- [et_pb_line_break_holder] -->                    <\/p>\n<td><\/td>\n<p><!-- [et_pb_line_break_holder] -->                    <\/p>\n<td><\/td>\n<p><!-- [et_pb_line_break_holder] -->                <\/tr>\n<p><!-- [et_pb_line_break_holder] -->                <\/p>\n<tr><!-- [et_pb_line_break_holder] -->                    <\/p>\n<td>11<\/td>\n<p><!-- [et_pb_line_break_holder] -->                    <\/p>\n<td>YARA<\/td>\n<p><!-- [et_pb_line_break_holder] -->                    <\/p>\n<td>yara, yali samba en Yarii, signifie &#8216;celui qui n\u2019est pas facile&#8217;, partage les m\u00eames valeurs que les KONAT\u00c9<\/td>\n<p><!-- [et_pb_line_break_holder] -->                    <\/p>\n<td>Mossi, Peuls, Haoussa, belles-familles<\/td>\n<p><!-- [et_pb_line_break_holder] -->                <\/tr>\n<p><!-- [et_pb_line_break_holder] -->                <\/p>\n<tr><!-- [et_pb_line_break_holder] -->                    <\/p>\n<td>12<\/td>\n<p><!-- [et_pb_line_break_holder] -->                    <\/p>\n<td>ZONOU<\/td>\n<p><!-- [et_pb_line_break_holder] -->                    <\/p>\n<td>zuonbal\u00e8, zoonuh, signifie &#8216;Zonguou dim\u00e9&#8217; (gens du Zonguou), conseillers du chef, neveux des SIENOU<\/td>\n<p><!-- [et_pb_line_break_holder] -->                    <\/p>\n<td>Toute personne ayant \u00e9pous\u00e9 leur fille, familles des filles mari\u00e9es aux Zonou, Mossi, Peuls, Haoussa<\/td>\n<p><!-- [et_pb_line_break_holder] -->                <\/tr>\n<p><!-- [et_pb_line_break_holder] -->            <\/tbody>\n<p><!-- [et_pb_line_break_holder] -->        <\/table>\n<p><!-- [et_pb_line_break_holder] -->    <\/div>\n<p><!-- [et_pb_line_break_holder] -->    <a href=\"https:\/\/yariibambou.org\/en\/communaute\/\" class=\"back-button\" aria-label=\"Retour \u00e0 la page pr\u00e9c\u00e9dente\"><!-- [et_pb_line_break_holder] -->        <span class=\"add-icon\"><i class=\"fas fa-arrow-left\"><\/i><\/span> <!-- [et_pb_line_break_holder] -->    <\/a><!-- [et_pb_line_break_holder] --><\/body><!-- [et_pb_line_break_holder] --><\/html>[\/et_pb_code][\/et_pb_column][\/et_pb_row][\/et_pb_section]<\/p>","protected":false},"excerpt":{"rendered":"","protected":false},"author":1,"featured_media":0,"parent":0,"menu_order":0,"comment_status":"closed","ping_status":"closed","template":"","meta":{"_et_pb_use_builder":"on","_et_pb_old_content":"","_et_gb_content_width":"","footnotes":""},"class_list":["post-28966","page","type-page","status-publish","hentry"],"yoast_head":"<!-- This site is optimized with the Yoast SEO plugin v23.5 - https:\/\/yoast.com\/wordpress\/plugins\/seo\/ -->\n<title>Signification des noms de famille - YARIIBAMBOU<\/title>\n<meta name=\"description\" content=\"dagari-dioula, yarii, waala, langue, burkina, yarsi, yarka\" \/>\n<meta name=\"robots\" content=\"index, follow, max-snippet:-1, max-image-preview:large, max-video-preview:-1\" \/>\n<link rel=\"canonical\" href=\"https:\/\/yariibambou.org\/en\/signification-des-noms-de-famille\/\" \/>\n<meta property=\"og:locale\" content=\"en_US\" \/>\n<meta property=\"og:type\" content=\"article\" \/>\n<meta property=\"og:title\" content=\"Signification des noms de famille - YARIIBAMBOU\" \/>\n<meta property=\"og:description\" content=\"dagari-dioula, yarii, waala, langue, burkina, yarsi, yarka\" \/>\n<meta property=\"og:url\" content=\"https:\/\/yariibambou.org\/en\/signification-des-noms-de-famille\/\" \/>\n<meta property=\"og:site_name\" content=\"YARIIBAMBOU\" \/>\n<meta property=\"article:modified_time\" content=\"2025-07-13T19:02:20+00:00\" \/>\n<meta name=\"twitter:card\" content=\"summary_large_image\" \/>\n<meta name=\"twitter:label1\" content=\"Est. reading time\" \/>\n\t<meta name=\"twitter:data1\" content=\"1 minute\" \/>\n<script type=\"application\/ld+json\" class=\"yoast-schema-graph\">{\"@context\":\"https:\/\/schema.org\",\"@graph\":[{\"@type\":\"WebPage\",\"@id\":\"https:\/\/yariibambou.org\/signification-des-noms-de-famille\/\",\"url\":\"https:\/\/yariibambou.org\/signification-des-noms-de-famille\/\",\"name\":\"Signification des noms de famille - YARIIBAMBOU\",\"isPartOf\":{\"@id\":\"https:\/\/yariibambou.org\/#website\"},\"datePublished\":\"2023-08-01T23:59:03+00:00\",\"dateModified\":\"2025-07-13T19:02:20+00:00\",\"description\":\"dagari-dioula, yarii, waala, langue, burkina, yarsi, yarka\",\"breadcrumb\":{\"@id\":\"https:\/\/yariibambou.org\/signification-des-noms-de-famille\/#breadcrumb\"},\"inLanguage\":\"en-US\",\"potentialAction\":[{\"@type\":\"ReadAction\",\"target\":[\"https:\/\/yariibambou.org\/signification-des-noms-de-famille\/\"]}]},{\"@type\":\"BreadcrumbList\",\"@id\":\"https:\/\/yariibambou.org\/signification-des-noms-de-famille\/#breadcrumb\",\"itemListElement\":[{\"@type\":\"ListItem\",\"position\":1,\"name\":\"Accueil\",\"item\":\"https:\/\/yariibambou.org\/\"},{\"@type\":\"ListItem\",\"position\":2,\"name\":\"Signification des noms de famille\"}]},{\"@type\":\"WebSite\",\"@id\":\"https:\/\/yariibambou.org\/#website\",\"url\":\"https:\/\/yariibambou.org\/\",\"name\":\"YARIIBAMBOU\",\"description\":\"Bantaa-Nontaa - Sountaa - Lagntaa\",\"publisher\":{\"@id\":\"https:\/\/yariibambou.org\/#organization\"},\"potentialAction\":[{\"@type\":\"SearchAction\",\"target\":{\"@type\":\"EntryPoint\",\"urlTemplate\":\"https:\/\/yariibambou.org\/?s={search_term_string}\"},\"query-input\":{\"@type\":\"PropertyValueSpecification\",\"valueRequired\":true,\"valueName\":\"search_term_string\"}}],\"inLanguage\":\"en-US\"},{\"@type\":\"Organization\",\"@id\":\"https:\/\/yariibambou.org\/#organization\",\"name\":\"YARIIBAMBOU\",\"url\":\"https:\/\/yariibambou.org\/\",\"logo\":{\"@type\":\"ImageObject\",\"inLanguage\":\"en-US\",\"@id\":\"https:\/\/yariibambou.org\/#\/schema\/logo\/image\/\",\"url\":\"https:\/\/yariibambou.org\/wp-content\/uploads\/2024\/09\/cropped-logo-1.jpeg\",\"contentUrl\":\"https:\/\/yariibambou.org\/wp-content\/uploads\/2024\/09\/cropped-logo-1.jpeg\",\"width\":512,\"height\":512,\"caption\":\"YARIIBAMBOU\"},\"image\":{\"@id\":\"https:\/\/yariibambou.org\/#\/schema\/logo\/image\/\"}}]}<\/script>\n<!-- \/ Yoast SEO plugin. -->","yoast_head_json":{"title":"Signification des noms de famille - YARIIBAMBOU","description":"dagari-dioula, yarii, waala, langue, burkina, yarsi, yarka","robots":{"index":"index","follow":"follow","max-snippet":"max-snippet:-1","max-image-preview":"max-image-preview:large","max-video-preview":"max-video-preview:-1"},"canonical":"https:\/\/yariibambou.org\/en\/signification-des-noms-de-famille\/","og_locale":"en_US","og_type":"article","og_title":"Signification des noms de famille - YARIIBAMBOU","og_description":"dagari-dioula, yarii, waala, langue, burkina, yarsi, yarka","og_url":"https:\/\/yariibambou.org\/en\/signification-des-noms-de-famille\/","og_site_name":"YARIIBAMBOU","article_modified_time":"2025-07-13T19:02:20+00:00","twitter_card":"summary_large_image","twitter_misc":{"Est. reading time":"1 minute"},"schema":{"@context":"https:\/\/schema.org","@graph":[{"@type":"WebPage","@id":"https:\/\/yariibambou.org\/signification-des-noms-de-famille\/","url":"https:\/\/yariibambou.org\/signification-des-noms-de-famille\/","name":"Signification des noms de famille - YARIIBAMBOU","isPartOf":{"@id":"https:\/\/yariibambou.org\/#website"},"datePublished":"2023-08-01T23:59:03+00:00","dateModified":"2025-07-13T19:02:20+00:00","description":"dagari-dioula, yarii, waala, langue, burkina, yarsi, yarka","breadcrumb":{"@id":"https:\/\/yariibambou.org\/signification-des-noms-de-famille\/#breadcrumb"},"inLanguage":"en-US","potentialAction":[{"@type":"ReadAction","target":["https:\/\/yariibambou.org\/signification-des-noms-de-famille\/"]}]},{"@type":"BreadcrumbList","@id":"https:\/\/yariibambou.org\/signification-des-noms-de-famille\/#breadcrumb","itemListElement":[{"@type":"ListItem","position":1,"name":"Accueil","item":"https:\/\/yariibambou.org\/"},{"@type":"ListItem","position":2,"name":"Signification des noms de famille"}]},{"@type":"WebSite","@id":"https:\/\/yariibambou.org\/#website","url":"https:\/\/yariibambou.org\/","name":"YARIIBAMBOU","description":"Bantaa-Nontaa - Sountaa - Lagntaa","publisher":{"@id":"https:\/\/yariibambou.org\/#organization"},"potentialAction":[{"@type":"SearchAction","target":{"@type":"EntryPoint","urlTemplate":"https:\/\/yariibambou.org\/?s={search_term_string}"},"query-input":{"@type":"PropertyValueSpecification","valueRequired":true,"valueName":"search_term_string"}}],"inLanguage":"en-US"},{"@type":"Organization","@id":"https:\/\/yariibambou.org\/#organization","name":"YARIIBAMBOU","url":"https:\/\/yariibambou.org\/","logo":{"@type":"ImageObject","inLanguage":"en-US","@id":"https:\/\/yariibambou.org\/#\/schema\/logo\/image\/","url":"https:\/\/yariibambou.org\/wp-content\/uploads\/2024\/09\/cropped-logo-1.jpeg","contentUrl":"https:\/\/yariibambou.org\/wp-content\/uploads\/2024\/09\/cropped-logo-1.jpeg","width":512,"height":512,"caption":"YARIIBAMBOU"},"image":{"@id":"https:\/\/yariibambou.org\/#\/schema\/logo\/image\/"}}]}},"_links":{"self":[{"href":"https:\/\/yariibambou.org\/en\/wp-json\/wp\/v2\/pages\/28966","targetHints":{"allow":["GET"]}}],"collection":[{"href":"https:\/\/yariibambou.org\/en\/wp-json\/wp\/v2\/pages"}],"about":[{"href":"https:\/\/yariibambou.org\/en\/wp-json\/wp\/v2\/types\/page"}],"author":[{"embeddable":true,"href":"https:\/\/yariibambou.org\/en\/wp-json\/wp\/v2\/users\/1"}],"replies":[{"embeddable":true,"href":"https:\/\/yariibambou.org\/en\/wp-json\/wp\/v2\/comments?post=28966"}],"version-history":[{"count":17,"href":"https:\/\/yariibambou.org\/en\/wp-json\/wp\/v2\/pages\/28966\/revisions"}],"predecessor-version":[{"id":36697,"href":"https:\/\/yariibambou.org\/en\/wp-json\/wp\/v2\/pages\/28966\/revisions\/36697"}],"wp:attachment":[{"href":"https:\/\/yariibambou.org\/en\/wp-json\/wp\/v2\/media?parent=28966"}],"curies":[{"name":"wp","href":"https:\/\/api.w.org\/{rel}","templated":true}]}}